{"id":1766,"date":"2022-08-22T09:50:23","date_gmt":"2022-08-22T07:50:23","guid":{"rendered":"http:\/\/2022.albrechtgmbh.com\/individual\/"},"modified":"2023-01-24T09:55:09","modified_gmt":"2023-01-24T08:55:09","slug":"individual","status":"publish","type":"page","link":"https:\/\/albrechtgmbh.com\/en\/individual\/","title":{"rendered":"INDIVIDUAL"},"content":{"rendered":"\n<p><br><br><\/p>\n","protected":false},"excerpt":{"rendered":"","protected":false},"author":2,"featured_media":0,"parent":0,"menu_order":0,"comment_status":"closed","ping_status":"closed","template":"","meta":{"footnotes":""},"class_list":["post-1766","page","type-page","status-publish","hentry"],"yoast_head":"<!-- This site is optimized with the Yoast SEO plugin v26.3 - https:\/\/yoast.com\/wordpress\/plugins\/seo\/ -->\n<title>individualisierte Orthesen \u2013 Die INDIVIDUAL-Reihe von albrecht<\/title>\n<meta name=\"description\" content=\"Individualisierte Orthesen erm\u00f6glichen bei ungew\u00f6hnlichen Gr\u00f6\u00dfen oder Einschr\u00e4nkungen eine bessere Versorgung des Patienten | albrecht GmbH\" \/>\n<meta name=\"robots\" content=\"index, follow, max-snippet:-1, max-image-preview:large, max-video-preview:-1\" \/>\n<link rel=\"canonical\" href=\"https:\/\/albrechtgmbh.com\/en\/individual\/\" \/>\n<meta property=\"og:locale\" content=\"en_US\" \/>\n<meta property=\"og:type\" content=\"article\" \/>\n<meta property=\"og:title\" content=\"individualisierte Orthesen \u2013 Die INDIVIDUAL-Reihe von albrecht\" \/>\n<meta property=\"og:description\" content=\"Individualisierte Orthesen erm\u00f6glichen bei ungew\u00f6hnlichen Gr\u00f6\u00dfen oder Einschr\u00e4nkungen eine bessere Versorgung des Patienten | albrecht GmbH\" \/>\n<meta property=\"og:url\" content=\"https:\/\/albrechtgmbh.com\/en\/individual\/\" \/>\n<meta property=\"og:site_name\" content=\"Albrecht GmbH\" \/>\n<meta property=\"article:modified_time\" content=\"2023-01-24T08:55:09+00:00\" \/>\n<meta name=\"twitter:card\" content=\"summary_large_image\" \/>\n<script type=\"application\/ld+json\" class=\"yoast-schema-graph\">{\"@context\":\"https:\/\/schema.org\",\"@graph\":[{\"@type\":\"WebPage\",\"@id\":\"https:\/\/albrechtgmbh.com\/en\/individual\/\",\"url\":\"https:\/\/albrechtgmbh.com\/en\/individual\/\",\"name\":\"individualisierte Orthesen \u2013 Die INDIVIDUAL-Reihe von albrecht\",\"isPartOf\":{\"@id\":\"https:\/\/albrechtgmbh.com\/#website\"},\"datePublished\":\"2022-08-22T07:50:23+00:00\",\"dateModified\":\"2023-01-24T08:55:09+00:00\",\"description\":\"Individualisierte Orthesen erm\u00f6glichen bei ungew\u00f6hnlichen Gr\u00f6\u00dfen oder Einschr\u00e4nkungen eine bessere Versorgung des Patienten | albrecht GmbH\",\"breadcrumb\":{\"@id\":\"https:\/\/albrechtgmbh.com\/en\/individual\/#breadcrumb\"},\"inLanguage\":\"en-US\",\"potentialAction\":[{\"@type\":\"ReadAction\",\"target\":[\"https:\/\/albrechtgmbh.com\/en\/individual\/\"]}]},{\"@type\":\"BreadcrumbList\",\"@id\":\"https:\/\/albrechtgmbh.com\/en\/individual\/#breadcrumb\",\"itemListElement\":[{\"@type\":\"ListItem\",\"position\":1,\"name\":\"Startseite\",\"item\":\"https:\/\/albrechtgmbh.com\/en\/\"},{\"@type\":\"ListItem\",\"position\":2,\"name\":\"INDIVIDUAL\"}]},{\"@type\":\"WebSite\",\"@id\":\"https:\/\/albrechtgmbh.com\/#website\",\"url\":\"https:\/\/albrechtgmbh.com\/\",\"name\":\"Albrecht GmbH\",\"description\":\"Funktionelle Rehabilitation\",\"potentialAction\":[{\"@type\":\"SearchAction\",\"target\":{\"@type\":\"EntryPoint\",\"urlTemplate\":\"https:\/\/albrechtgmbh.com\/?s={search_term_string}\"},\"query-input\":{\"@type\":\"PropertyValueSpecification\",\"valueRequired\":true,\"valueName\":\"search_term_string\"}}],\"inLanguage\":\"en-US\"}]}<\/script>\n<!-- \/ Yoast SEO plugin. -->","yoast_head_json":{"title":"individualisierte Orthesen \u2013 Die INDIVIDUAL-Reihe von albrecht","description":"Individualisierte Orthesen erm\u00f6glichen bei ungew\u00f6hnlichen Gr\u00f6\u00dfen oder Einschr\u00e4nkungen eine bessere Versorgung des Patienten | albrecht GmbH","robots":{"index":"index","follow":"follow","max-snippet":"max-snippet:-1","max-image-preview":"max-image-preview:large","max-video-preview":"max-video-preview:-1"},"canonical":"https:\/\/albrechtgmbh.com\/en\/individual\/","og_locale":"en_US","og_type":"article","og_title":"individualisierte Orthesen \u2013 Die INDIVIDUAL-Reihe von albrecht","og_description":"Individualisierte Orthesen erm\u00f6glichen bei ungew\u00f6hnlichen Gr\u00f6\u00dfen oder Einschr\u00e4nkungen eine bessere Versorgung des Patienten | albrecht GmbH","og_url":"https:\/\/albrechtgmbh.com\/en\/individual\/","og_site_name":"Albrecht GmbH","article_modified_time":"2023-01-24T08:55:09+00:00","twitter_card":"summary_large_image","schema":{"@context":"https:\/\/schema.org","@graph":[{"@type":"WebPage","@id":"https:\/\/albrechtgmbh.com\/en\/individual\/","url":"https:\/\/albrechtgmbh.com\/en\/individual\/","name":"individualisierte Orthesen \u2013 Die INDIVIDUAL-Reihe von albrecht","isPartOf":{"@id":"https:\/\/albrechtgmbh.com\/#website"},"datePublished":"2022-08-22T07:50:23+00:00","dateModified":"2023-01-24T08:55:09+00:00","description":"Individualisierte Orthesen erm\u00f6glichen bei ungew\u00f6hnlichen Gr\u00f6\u00dfen oder Einschr\u00e4nkungen eine bessere Versorgung des Patienten | albrecht GmbH","breadcrumb":{"@id":"https:\/\/albrechtgmbh.com\/en\/individual\/#breadcrumb"},"inLanguage":"en-US","potentialAction":[{"@type":"ReadAction","target":["https:\/\/albrechtgmbh.com\/en\/individual\/"]}]},{"@type":"BreadcrumbList","@id":"https:\/\/albrechtgmbh.com\/en\/individual\/#breadcrumb","itemListElement":[{"@type":"ListItem","position":1,"name":"Startseite","item":"https:\/\/albrechtgmbh.com\/en\/"},{"@type":"ListItem","position":2,"name":"INDIVIDUAL"}]},{"@type":"WebSite","@id":"https:\/\/albrechtgmbh.com\/#website","url":"https:\/\/albrechtgmbh.com\/","name":"Albrecht GmbH","description":"Funktionelle Rehabilitation","potentialAction":[{"@type":"SearchAction","target":{"@type":"EntryPoint","urlTemplate":"https:\/\/albrechtgmbh.com\/?s={search_term_string}"},"query-input":{"@type":"PropertyValueSpecification","valueRequired":true,"valueName":"search_term_string"}}],"inLanguage":"en-US"}]}},"_links":{"self":[{"href":"https:\/\/albrechtgmbh.com\/en\/wp-json\/wp\/v2\/pages\/1766","targetHints":{"allow":["GET"]}}],"collection":[{"href":"https:\/\/albrechtgmbh.com\/en\/wp-json\/wp\/v2\/pages"}],"about":[{"href":"https:\/\/albrechtgmbh.com\/en\/wp-json\/wp\/v2\/types\/page"}],"author":[{"embeddable":true,"href":"https:\/\/albrechtgmbh.com\/en\/wp-json\/wp\/v2\/users\/2"}],"replies":[{"embeddable":true,"href":"https:\/\/albrechtgmbh.com\/en\/wp-json\/wp\/v2\/comments?post=1766"}],"version-history":[{"count":1,"href":"https:\/\/albrechtgmbh.com\/en\/wp-json\/wp\/v2\/pages\/1766\/revisions"}],"predecessor-version":[{"id":1769,"href":"https:\/\/albrechtgmbh.com\/en\/wp-json\/wp\/v2\/pages\/1766\/revisions\/1769"}],"wp:attachment":[{"href":"https:\/\/albrechtgmbh.com\/en\/wp-json\/wp\/v2\/media?parent=1766"}],"curies":[{"name":"wp","href":"https:\/\/api.w.org\/{rel}","templated":true}]}}