{"id":1776,"date":"2022-08-22T09:49:44","date_gmt":"2022-08-22T07:49:44","guid":{"rendered":"http:\/\/2022.albrechtgmbh.com\/neurologische-indikationen\/"},"modified":"2026-03-05T11:23:10","modified_gmt":"2026-03-05T10:23:10","slug":"neurologische-indikationen","status":"publish","type":"page","link":"https:\/\/albrechtgmbh.com\/en\/neurologische-indikationen\/","title":{"rendered":"NEURO"},"content":{"rendered":"\n\n\n<p><br><br><\/p>\n","protected":false},"excerpt":{"rendered":"","protected":false},"author":2,"featured_media":0,"parent":0,"menu_order":0,"comment_status":"closed","ping_status":"closed","template":"","meta":{"footnotes":""},"class_list":["post-1776","page","type-page","status-publish","hentry"],"yoast_head":"<!-- This site is optimized with the Yoast SEO plugin v27.4 - https:\/\/yoast.com\/product\/yoast-seo-wordpress\/ -->\n<title>Neurologische Indikationen<\/title>\n<meta name=\"description\" content=\"Neurologische Indikationen k\u00f6nnen k\u00f6rperliche Beschwerden zur Folge haben. Hierf\u00fcr gibt es Orthesen zur dynamischen Redression von albrecht.\" \/>\n<meta name=\"robots\" content=\"index, follow, max-snippet:-1, max-image-preview:large, max-video-preview:-1\" \/>\n<link rel=\"canonical\" href=\"https:\/\/albrechtgmbh.com\/en\/neurologische-indikationen\/\" \/>\n<meta property=\"og:locale\" content=\"en_US\" \/>\n<meta property=\"og:type\" content=\"article\" \/>\n<meta property=\"og:title\" content=\"Neurologische Indikationen\" \/>\n<meta property=\"og:description\" content=\"Neurologische Indikationen k\u00f6nnen k\u00f6rperliche Beschwerden zur Folge haben. Hierf\u00fcr gibt es Orthesen zur dynamischen Redression von albrecht.\" \/>\n<meta property=\"og:url\" content=\"https:\/\/albrechtgmbh.com\/en\/neurologische-indikationen\/\" \/>\n<meta property=\"og:site_name\" content=\"Albrecht GmbH\" \/>\n<meta property=\"article:modified_time\" content=\"2026-03-05T10:23:10+00:00\" \/>\n<meta name=\"twitter:card\" content=\"summary_large_image\" \/>\n<script type=\"application\/ld+json\" class=\"yoast-schema-graph\">{\"@context\":\"https:\\\/\\\/schema.org\",\"@graph\":[{\"@type\":\"WebPage\",\"@id\":\"https:\\\/\\\/albrechtgmbh.com\\\/en\\\/neurologische-indikationen\\\/\",\"url\":\"https:\\\/\\\/albrechtgmbh.com\\\/en\\\/neurologische-indikationen\\\/\",\"name\":\"Neurologische Indikationen\",\"isPartOf\":{\"@id\":\"https:\\\/\\\/albrechtgmbh.com\\\/#website\"},\"datePublished\":\"2022-08-22T07:49:44+00:00\",\"dateModified\":\"2026-03-05T10:23:10+00:00\",\"description\":\"Neurologische Indikationen k\u00f6nnen k\u00f6rperliche Beschwerden zur Folge haben. Hierf\u00fcr gibt es Orthesen zur dynamischen Redression von albrecht.\",\"breadcrumb\":{\"@id\":\"https:\\\/\\\/albrechtgmbh.com\\\/en\\\/neurologische-indikationen\\\/#breadcrumb\"},\"inLanguage\":\"en-US\",\"potentialAction\":[{\"@type\":\"ReadAction\",\"target\":[\"https:\\\/\\\/albrechtgmbh.com\\\/en\\\/neurologische-indikationen\\\/\"]}]},{\"@type\":\"BreadcrumbList\",\"@id\":\"https:\\\/\\\/albrechtgmbh.com\\\/en\\\/neurologische-indikationen\\\/#breadcrumb\",\"itemListElement\":[{\"@type\":\"ListItem\",\"position\":1,\"name\":\"Startseite\",\"item\":\"https:\\\/\\\/albrechtgmbh.com\\\/en\\\/\"},{\"@type\":\"ListItem\",\"position\":2,\"name\":\"NEURO\"}]},{\"@type\":\"WebSite\",\"@id\":\"https:\\\/\\\/albrechtgmbh.com\\\/#website\",\"url\":\"https:\\\/\\\/albrechtgmbh.com\\\/\",\"name\":\"Albrecht GmbH\",\"description\":\"Funktionelle Rehabilitation\",\"potentialAction\":[{\"@type\":\"SearchAction\",\"target\":{\"@type\":\"EntryPoint\",\"urlTemplate\":\"https:\\\/\\\/albrechtgmbh.com\\\/?s={search_term_string}\"},\"query-input\":{\"@type\":\"PropertyValueSpecification\",\"valueRequired\":true,\"valueName\":\"search_term_string\"}}],\"inLanguage\":\"en-US\"}]}<\/script>\n<!-- \/ Yoast SEO plugin. -->","yoast_head_json":{"title":"Neurologische Indikationen","description":"Neurologische Indikationen k\u00f6nnen k\u00f6rperliche Beschwerden zur Folge haben. Hierf\u00fcr gibt es Orthesen zur dynamischen Redression von albrecht.","robots":{"index":"index","follow":"follow","max-snippet":"max-snippet:-1","max-image-preview":"max-image-preview:large","max-video-preview":"max-video-preview:-1"},"canonical":"https:\/\/albrechtgmbh.com\/en\/neurologische-indikationen\/","og_locale":"en_US","og_type":"article","og_title":"Neurologische Indikationen","og_description":"Neurologische Indikationen k\u00f6nnen k\u00f6rperliche Beschwerden zur Folge haben. Hierf\u00fcr gibt es Orthesen zur dynamischen Redression von albrecht.","og_url":"https:\/\/albrechtgmbh.com\/en\/neurologische-indikationen\/","og_site_name":"Albrecht GmbH","article_modified_time":"2026-03-05T10:23:10+00:00","twitter_card":"summary_large_image","schema":{"@context":"https:\/\/schema.org","@graph":[{"@type":"WebPage","@id":"https:\/\/albrechtgmbh.com\/en\/neurologische-indikationen\/","url":"https:\/\/albrechtgmbh.com\/en\/neurologische-indikationen\/","name":"Neurologische Indikationen","isPartOf":{"@id":"https:\/\/albrechtgmbh.com\/#website"},"datePublished":"2022-08-22T07:49:44+00:00","dateModified":"2026-03-05T10:23:10+00:00","description":"Neurologische Indikationen k\u00f6nnen k\u00f6rperliche Beschwerden zur Folge haben. Hierf\u00fcr gibt es Orthesen zur dynamischen Redression von albrecht.","breadcrumb":{"@id":"https:\/\/albrechtgmbh.com\/en\/neurologische-indikationen\/#breadcrumb"},"inLanguage":"en-US","potentialAction":[{"@type":"ReadAction","target":["https:\/\/albrechtgmbh.com\/en\/neurologische-indikationen\/"]}]},{"@type":"BreadcrumbList","@id":"https:\/\/albrechtgmbh.com\/en\/neurologische-indikationen\/#breadcrumb","itemListElement":[{"@type":"ListItem","position":1,"name":"Startseite","item":"https:\/\/albrechtgmbh.com\/en\/"},{"@type":"ListItem","position":2,"name":"NEURO"}]},{"@type":"WebSite","@id":"https:\/\/albrechtgmbh.com\/#website","url":"https:\/\/albrechtgmbh.com\/","name":"Albrecht GmbH","description":"Funktionelle Rehabilitation","potentialAction":[{"@type":"SearchAction","target":{"@type":"EntryPoint","urlTemplate":"https:\/\/albrechtgmbh.com\/?s={search_term_string}"},"query-input":{"@type":"PropertyValueSpecification","valueRequired":true,"valueName":"search_term_string"}}],"inLanguage":"en-US"}]}},"_links":{"self":[{"href":"https:\/\/albrechtgmbh.com\/en\/wp-json\/wp\/v2\/pages\/1776","targetHints":{"allow":["GET"]}}],"collection":[{"href":"https:\/\/albrechtgmbh.com\/en\/wp-json\/wp\/v2\/pages"}],"about":[{"href":"https:\/\/albrechtgmbh.com\/en\/wp-json\/wp\/v2\/types\/page"}],"author":[{"embeddable":true,"href":"https:\/\/albrechtgmbh.com\/en\/wp-json\/wp\/v2\/users\/2"}],"replies":[{"embeddable":true,"href":"https:\/\/albrechtgmbh.com\/en\/wp-json\/wp\/v2\/comments?post=1776"}],"version-history":[{"count":1,"href":"https:\/\/albrechtgmbh.com\/en\/wp-json\/wp\/v2\/pages\/1776\/revisions"}],"predecessor-version":[{"id":1778,"href":"https:\/\/albrechtgmbh.com\/en\/wp-json\/wp\/v2\/pages\/1776\/revisions\/1778"}],"wp:attachment":[{"href":"https:\/\/albrechtgmbh.com\/en\/wp-json\/wp\/v2\/media?parent=1776"}],"curies":[{"name":"wp","href":"https:\/\/api.w.org\/{rel}","templated":true}]}}