{"id":4466,"date":"2022-08-22T09:49:44","date_gmt":"2022-08-22T07:49:44","guid":{"rendered":"https:\/\/albrechtgmbh.com\/neurologische-indikationen\/"},"modified":"2023-09-14T12:10:59","modified_gmt":"2023-09-14T10:10:59","slug":"neurologische-indikationen","status":"publish","type":"page","link":"https:\/\/albrechtgmbh.com\/it\/neurologische-indikationen\/","title":{"rendered":"NEURO"},"content":{"rendered":"\n\n\n<p>center<br>20px<br>20px<br>hide<br><br><h1>NEURO \u2013 Orthesen bei neurologischen Indikationen<\/h1><br>Heading<br>left<br>center<br>no-repeat;left top;;<br>auto<br><br>40<br><br><img decoding=\"async\" src=\"\/wp-content\/uploads\/2022\/12\/Albrecht-neurologische-indikationen-kachel-orthese.jpeg\" alt=\"\" \/><br>full<br>center<br><br>Neurologische Erkrankungen haben oftmals Auswirkungen auf den gesamten K\u00f6rper und k\u00f6nnen sich somit auch auf den Bewegungsapparat auswirken. So k\u00f6nnen neurologische Indikationen beispielsweise den Muskeltonus beeinflussen. Ist die Muskelspannung zu hoch entsteht eine Spastik, die auch zu einer Kontraktur des Gelenkes f\u00fchren kann. In diesem Fall wird die Funktionsf\u00e4higkeit eingeschr\u00e4nkt.\r<br>Sowohl die eigenst\u00e4ndige Teilhabe am aktiven Leben als auch die Pflege werden in diesem Fall erschwert. Es kann auch zu Schmerzen kommen. Im Gegenzug kann eine neurologische Indikation auch zu verringerter Muskelspannung f\u00fchren. Ist die neuronale Ansteuerung des Muskels betroffen, k\u00f6nnen Muskeln nicht mehr bewusst bewegt werden. \r<br>Neurologische Indikationen sind vielf\u00e4ltig und komplex. Aus diesem Grund k\u00f6nnen orthop\u00e4dietechnische Hilfsmittel auch auf vielf\u00e4ltige Weise unterst\u00fctzen. Orthesen und Bandagen k\u00f6nnen in der Neurologie wie auch in der Orthop\u00e4die von au\u00dfen auf den Bewegungsapparat Einfluss nehmen. Sowohl in der Therapie zum Aufdehnen verk\u00fcrzter Muskulatur als auch funktionsunterst\u00fctzend im Alltag. \r<br>Auch wenn die Definition einer Beeintr\u00e4chtigung darin liegt, dass sie nicht geheilt werden kann, k\u00f6nnen Hilfsmittel zu einer Schmerzreduktion und funktionellen Verbesserung beitragen. Je nach Zielsetzung k\u00f6nnen Mobilisierung und Teilhabe am aktiven Leben, verbesserte Pflege oder Schmerzlinderung erreicht werden.<br>no-repeat;left top;;<br>auto<br>20px<br><br><h2>Orthesen zur Unterst\u00fctzung der neurologischen Therapie<\/h2><br>Heading + desc<br>no-repeat;left top;;<br>auto<br><br>Unsere CDS\u00ae Orthesen basieren auf dem Prinzip der dynamischen Redression. Die Feder-basierten CDS\u00ae Gelenke dehnen Muskeln kontrolliert und somit vorsichtig. Im Gegensatz zum statischen Quengeln wirken unsere CDS\u00ae Orthesen dynamisch \u00fcber kontrollierbare Federkraft, welche an den Behandlungsverlauf der Patient: Innen angepasst werden kann.\r<br>Der Federmechanismus dehnt die verk\u00fcrzten Strukturen und l\u00e4sst dabei Bewegung zu. Dies f\u00f6rdert die Durchblutung des Gewebes und verhindert eine erneute Kontraktur. Dar\u00fcber hinaus kann der Muskel Spasmen ausleben, was gerade bei <a href=\"https:\/\/de.wikipedia.org\/wiki\/Neurologie\" target=\"_blank\" rel=\"noopener\">neurologischen<\/a> Krankheiten ein ausschlaggebender Vorteil ist. Der Muskel wird nach der Spastik wieder sanft in die Entspannung gef\u00fchrt.<br>Heading + desc<br>no-repeat;left top;;<br>auto<br><br>Die Federkraft ist einstellbar und kann den Patient:Innen und dem Behandlungsverlauf angepasst werden. Das gleiche gilt f\u00fcr den Redressionsbereich. Hierdurch wird eine schmerzhafte und sch\u00e4dliche \u00dcberdehnung vermieden und auch die Compliance des Patienten erh\u00f6ht. \r<br>Die Federkraft kann werkzeuglos ein- und ausgeschalten werden, ohne die eingestellte St\u00e4rke der Federkraft zu ver\u00e4ndern. Dies erleichtert das Handling f\u00fcr die Patient:Innen und das Umfeld. Hierdurch wird auch in der Pflege wertvolle Zeit gespart und das Umfeld entlastet. \r<br>Die CDS\u00ae Gelenke k\u00f6nnen die Therapeut:Innen in ihrer Arbeit unterst\u00fctzen. Das regelm\u00e4\u00dfige Tragen einer CDS\u00ae Orthese kann beispielsweise das Therapieergebnis bis zur n\u00e4chsten Einheit stabilisieren oder auch vor Beginn der Therapie auf diese vorbereiten.<br>Heading + desc<br>no-repeat;left top;;<br>auto<br><br><img decoding=\"async\" src=\"\/wp-content\/uploads\/2022\/09\/Albrecht-neuro-kachel-oben-links-mitte.jpg\" alt=\"\" \/><br>full<br>hide-mobile<br><br><img decoding=\"async\" src=\"\/wp-content\/uploads\/2022\/09\/Albrecht-neuro-kachel-oben-links.jpg\" alt=\"\" \/><br>full<br><br><img decoding=\"async\" src=\"\/wp-content\/uploads\/2022\/09\/Albrecht-neuro-kachel-oben-rechts-mitte.jpg\" alt=\"\" \/><br>full<br>hide-mobile<br><br><img decoding=\"async\" src=\"\/wp-content\/uploads\/2022\/09\/Albrecht-neuro-kachel-oben-rechts.jpg\" alt=\"\" \/><br>full<br><br><h3>Orthesen zur funktionellen Unterst\u00fctzung<\/h3>\r<br>Im Rahmen einer funktionellen Rehabilitation k\u00f6nnen unsere Orthesen auch funktionsunterst\u00fctzend und stabilisierend eingesetzt werden. Die stabilisierende Wirkweise unserer Hilfsmittel erm\u00f6glicht es Patient:Innen, Bewegung gef\u00fchrt und somit sicher auszuf\u00fchren. Hier m\u00fcssen die Techniker:Innen abkl\u00e4ren, inwiefern ein sicherer Einsatz gew\u00e4hrleistet werden kann.<br>Heading + desc<br>no-repeat;left top;;<br>auto<br>20px<br><br><h2>Neurologische Indikationen &#8211; Der Weg zu Ihrem Hilfsmittel<\/h2><br>no-repeat;left top;;<br>auto<br><br>Orthesen und Bandagen geh\u00f6ren zu den orthop\u00e4dietechnischen Hilfsmitteln, die in Deutschland im Hilfsmittelkatalog aufgef\u00fchrt werden. Der Hilfsmittelkatalog bildet die Erstattungsgrundlage f\u00fcr die Krankenkassen. Findet sich ein Hilfsmittel nicht in dieser Auflistung k\u00f6nnen sie \u00fcber den Sanit\u00e4tsfachhandel zur Bewilligung bei der Krankenkasse eingereicht werden. Hilfsmittel m\u00fcssen von Mediziner:Innen passend zur Indikation verordnet werden. Orthop\u00e4dietechnik-mechaniker:Innen im Sanit\u00e4tshaus passen das Hilfsmittel an die Patient:Innen an und weisen in die Verwendung ein.<br>no-repeat;left top;;<br>auto<br>0 0 0 10%<br><br>Der Weg zu einem Hilfsmittel kann je nach Indikation unterschiedlich verlaufen:\r<br>\r<br>Nach einem Trauma kann eine Orthese oder Bandage direkt zur Stabilisierung verordnet werden.\r<br>Steht ein chirurgischer Eingriff an, kann das Hilfsmittel schon zuvor f\u00fcr die Patient:Innen ausgew\u00e4hlt werden.\r<br>Bei einem station\u00e4ren Aufenthalt kann das Hilfsmittel bereits in der Fr\u00fchrehabilitationseinrichtung oder erst zu einem sp\u00e4teren Zeitpunkt des Rehabilitationsprozesses relevant werden.\r<br>\r<br>Wichtig ist aber zu bedenken, dass ein schneller Therapiebeginn ausschlaggebend ist. Je fr\u00fcher die Rehabilitationsma\u00dfnahmen stattfinden, desto h\u00f6her die Erfolgschancen, dass die Zielsetzung erreicht wird.\r<br>Ebenfalls sollte darauf geachtet werden, dass das ausgew\u00e4hlte Hilfsmittel in den Rehabilitationsplan integriert wird und vor allem den individuellen Bed\u00fcrfnissen der Patient:Innen entspricht.<br>hide<br><br><img decoding=\"async\" src=\"\/wp-content\/uploads\/2022\/11\/Albrecht-neuro-kachel-unten.jpg\" alt=\"\" \/><br>full<br>contain<br>center center<br>hide<br><br><h3>albrecht akademie<\/h3>\r<br>\r<br>\r<br>\r<br>Im Rahmen der albrecht akademie bieten wir Mediziner:Innen, Therapeut:Innen und Techniker Innen die M\u00f6glichkeit, unsere NEURO Serie besser kennen zu lernen. Die Schulungsinhalte k\u00f6nnen auf die Bed\u00fcrfnisse der Teilnehmer:Innen angepasst werden.<br>hide<br><br>Kontaktieren Sie uns<br><a href=\"https:\/\/albrechtgmbh.com\/kontakt\/\">\/kontakt<\/a><br>left<br>2<br>hide<br><br><h3>Unsere Hilfsmittel bei neurologischen Erkrankungen:<\/h3><br>hide<br><br>8<br>grid<br>4<br>neuro<br>rand<br>DESC<br>hide<br><br>Alle Produkte ansehen<br><a href=\"https:\/\/albrechtgmbh.com\/produkte\/produkte\/\">\/produkte\/produkte\/<\/a><br>left<br>3<br>left<br>hide<br><br><\/p>\n","protected":false},"excerpt":{"rendered":"<p>center20px20pxhide NEURO \u2013 Orthesen bei neurologischen Indikationen Headingleftcenterno-repeat;left top;;auto 40 fullcenter Neurologische Erkrankungen haben oftmals Auswirkungen auf den gesamten K\u00f6rper und k\u00f6nnen sich somit auch auf<span class=\"excerpt-hellip\"> [\u2026]<\/span><\/p>\n","protected":false},"author":2,"featured_media":0,"parent":0,"menu_order":0,"comment_status":"closed","ping_status":"closed","template":"","meta":{"footnotes":""},"class_list":["post-4466","page","type-page","status-publish","hentry"],"yoast_head":"<!-- This site is optimized with the Yoast SEO plugin v27.4 - https:\/\/yoast.com\/product\/yoast-seo-wordpress\/ -->\n<title>Neurologische Indikationen<\/title>\n<meta name=\"description\" content=\"Neurologische Indikationen k\u00f6nnen k\u00f6rperliche Beschwerden zur Folge haben. Hierf\u00fcr gibt es Orthesen zur dynamischen Redression von albrecht.\" \/>\n<meta name=\"robots\" content=\"index, follow, max-snippet:-1, max-image-preview:large, max-video-preview:-1\" \/>\n<link rel=\"canonical\" href=\"https:\/\/albrechtgmbh.com\/it\/neurologische-indikationen\/\" \/>\n<meta property=\"og:locale\" content=\"it_IT\" \/>\n<meta property=\"og:type\" content=\"article\" \/>\n<meta property=\"og:title\" content=\"Neurologische Indikationen\" \/>\n<meta property=\"og:description\" content=\"Neurologische Indikationen k\u00f6nnen k\u00f6rperliche Beschwerden zur Folge haben. Hierf\u00fcr gibt es Orthesen zur dynamischen Redression von albrecht.\" \/>\n<meta property=\"og:url\" content=\"https:\/\/albrechtgmbh.com\/it\/neurologische-indikationen\/\" \/>\n<meta property=\"og:site_name\" content=\"Albrecht GmbH\" \/>\n<meta property=\"article:modified_time\" content=\"2023-09-14T10:10:59+00:00\" \/>\n<meta name=\"twitter:card\" content=\"summary_large_image\" \/>\n<meta name=\"twitter:label1\" content=\"Tempo di lettura stimato\" \/>\n\t<meta name=\"twitter:data1\" content=\"6 minuti\" \/>\n<script type=\"application\/ld+json\" class=\"yoast-schema-graph\">{\"@context\":\"https:\\\/\\\/schema.org\",\"@graph\":[{\"@type\":\"WebPage\",\"@id\":\"https:\\\/\\\/albrechtgmbh.com\\\/it\\\/neurologische-indikationen\\\/\",\"url\":\"https:\\\/\\\/albrechtgmbh.com\\\/it\\\/neurologische-indikationen\\\/\",\"name\":\"Neurologische Indikationen\",\"isPartOf\":{\"@id\":\"https:\\\/\\\/albrechtgmbh.com\\\/#website\"},\"datePublished\":\"2022-08-22T07:49:44+00:00\",\"dateModified\":\"2023-09-14T10:10:59+00:00\",\"description\":\"Neurologische Indikationen k\u00f6nnen k\u00f6rperliche Beschwerden zur Folge haben. Hierf\u00fcr gibt es Orthesen zur dynamischen Redression von albrecht.\",\"breadcrumb\":{\"@id\":\"https:\\\/\\\/albrechtgmbh.com\\\/it\\\/neurologische-indikationen\\\/#breadcrumb\"},\"inLanguage\":\"it-IT\",\"potentialAction\":[{\"@type\":\"ReadAction\",\"target\":[\"https:\\\/\\\/albrechtgmbh.com\\\/it\\\/neurologische-indikationen\\\/\"]}]},{\"@type\":\"BreadcrumbList\",\"@id\":\"https:\\\/\\\/albrechtgmbh.com\\\/it\\\/neurologische-indikationen\\\/#breadcrumb\",\"itemListElement\":[{\"@type\":\"ListItem\",\"position\":1,\"name\":\"Startseite\",\"item\":\"https:\\\/\\\/albrechtgmbh.com\\\/it\\\/\"},{\"@type\":\"ListItem\",\"position\":2,\"name\":\"NEURO\"}]},{\"@type\":\"WebSite\",\"@id\":\"https:\\\/\\\/albrechtgmbh.com\\\/#website\",\"url\":\"https:\\\/\\\/albrechtgmbh.com\\\/\",\"name\":\"Albrecht GmbH\",\"description\":\"Riabilitazione funzionale\",\"potentialAction\":[{\"@type\":\"SearchAction\",\"target\":{\"@type\":\"EntryPoint\",\"urlTemplate\":\"https:\\\/\\\/albrechtgmbh.com\\\/?s={search_term_string}\"},\"query-input\":{\"@type\":\"PropertyValueSpecification\",\"valueRequired\":true,\"valueName\":\"search_term_string\"}}],\"inLanguage\":\"it-IT\"}]}<\/script>\n<!-- \/ Yoast SEO plugin. -->","yoast_head_json":{"title":"Neurologische Indikationen","description":"Neurologische Indikationen k\u00f6nnen k\u00f6rperliche Beschwerden zur Folge haben. Hierf\u00fcr gibt es Orthesen zur dynamischen Redression von albrecht.","robots":{"index":"index","follow":"follow","max-snippet":"max-snippet:-1","max-image-preview":"max-image-preview:large","max-video-preview":"max-video-preview:-1"},"canonical":"https:\/\/albrechtgmbh.com\/it\/neurologische-indikationen\/","og_locale":"it_IT","og_type":"article","og_title":"Neurologische Indikationen","og_description":"Neurologische Indikationen k\u00f6nnen k\u00f6rperliche Beschwerden zur Folge haben. Hierf\u00fcr gibt es Orthesen zur dynamischen Redression von albrecht.","og_url":"https:\/\/albrechtgmbh.com\/it\/neurologische-indikationen\/","og_site_name":"Albrecht GmbH","article_modified_time":"2023-09-14T10:10:59+00:00","twitter_card":"summary_large_image","twitter_misc":{"Tempo di lettura stimato":"6 minuti"},"schema":{"@context":"https:\/\/schema.org","@graph":[{"@type":"WebPage","@id":"https:\/\/albrechtgmbh.com\/it\/neurologische-indikationen\/","url":"https:\/\/albrechtgmbh.com\/it\/neurologische-indikationen\/","name":"Neurologische Indikationen","isPartOf":{"@id":"https:\/\/albrechtgmbh.com\/#website"},"datePublished":"2022-08-22T07:49:44+00:00","dateModified":"2023-09-14T10:10:59+00:00","description":"Neurologische Indikationen k\u00f6nnen k\u00f6rperliche Beschwerden zur Folge haben. Hierf\u00fcr gibt es Orthesen zur dynamischen Redression von albrecht.","breadcrumb":{"@id":"https:\/\/albrechtgmbh.com\/it\/neurologische-indikationen\/#breadcrumb"},"inLanguage":"it-IT","potentialAction":[{"@type":"ReadAction","target":["https:\/\/albrechtgmbh.com\/it\/neurologische-indikationen\/"]}]},{"@type":"BreadcrumbList","@id":"https:\/\/albrechtgmbh.com\/it\/neurologische-indikationen\/#breadcrumb","itemListElement":[{"@type":"ListItem","position":1,"name":"Startseite","item":"https:\/\/albrechtgmbh.com\/it\/"},{"@type":"ListItem","position":2,"name":"NEURO"}]},{"@type":"WebSite","@id":"https:\/\/albrechtgmbh.com\/#website","url":"https:\/\/albrechtgmbh.com\/","name":"Albrecht GmbH","description":"Riabilitazione funzionale","potentialAction":[{"@type":"SearchAction","target":{"@type":"EntryPoint","urlTemplate":"https:\/\/albrechtgmbh.com\/?s={search_term_string}"},"query-input":{"@type":"PropertyValueSpecification","valueRequired":true,"valueName":"search_term_string"}}],"inLanguage":"it-IT"}]}},"_links":{"self":[{"href":"https:\/\/albrechtgmbh.com\/it\/wp-json\/wp\/v2\/pages\/4466","targetHints":{"allow":["GET"]}}],"collection":[{"href":"https:\/\/albrechtgmbh.com\/it\/wp-json\/wp\/v2\/pages"}],"about":[{"href":"https:\/\/albrechtgmbh.com\/it\/wp-json\/wp\/v2\/types\/page"}],"author":[{"embeddable":true,"href":"https:\/\/albrechtgmbh.com\/it\/wp-json\/wp\/v2\/users\/2"}],"replies":[{"embeddable":true,"href":"https:\/\/albrechtgmbh.com\/it\/wp-json\/wp\/v2\/comments?post=4466"}],"version-history":[{"count":1,"href":"https:\/\/albrechtgmbh.com\/it\/wp-json\/wp\/v2\/pages\/4466\/revisions"}],"predecessor-version":[{"id":4467,"href":"https:\/\/albrechtgmbh.com\/it\/wp-json\/wp\/v2\/pages\/4466\/revisions\/4467"}],"wp:attachment":[{"href":"https:\/\/albrechtgmbh.com\/it\/wp-json\/wp\/v2\/media?parent=4466"}],"curies":[{"name":"wp","href":"https:\/\/api.w.org\/{rel}","templated":true}]}}