{"id":4468,"date":"2022-08-22T09:50:08","date_gmt":"2022-08-22T07:50:08","guid":{"rendered":"https:\/\/albrechtgmbh.com\/junior\/"},"modified":"2023-09-14T12:11:19","modified_gmt":"2023-09-14T10:11:19","slug":"junior","status":"publish","type":"page","link":"https:\/\/albrechtgmbh.com\/it\/junior\/","title":{"rendered":"JUNIOR"},"content":{"rendered":"\n<p><\/p>\n\n\n\n<p>center<br>20px<br>20px<br>hide<br><br><h1>JUNIOR \u2013 Orthesen f\u00fcr Kinder und Jugendliche<\/h1><br>Heading<br>left<br>center<br>no-repeat;left top;;<br>auto<br><br>40<br><br>Orthesen f\u00fcr Kinder und Jugendliche sind uns eine Herzensangelegenheit. Denn Verletzungen und Beeintr\u00e4chtigungen von Kindern sind immer auch eine Herausforderung f\u00fcr die Eltern. Sie m\u00fcssen meist ohne medizinische Vorwissen Entscheidungen f\u00fcr ihre Kinder treffen. Hierbei ist zu bedenken, dass Verletzungen und Beeintr\u00e4chtigungen einen ma\u00dfgeblichen Einfluss auf die Kindheit von Patient:Innen nehmen k\u00f6nnen und auch den weiteren Lebensweg mitbeeinflussen. Gerade in jungen Jahren bestehen aber die besten M\u00f6glichkeiten, ein positives Behandlungsergebnis zu erzielen.<br>hide<br><br><img decoding=\"async\" src=\"\/wp-content\/uploads\/2022\/12\/Albrecht-Orthesen-fuer-Kinder-und-Jugendliche-kachel-oben.jpeg\" alt=\"\" \/><br><br>Der Begriff Neuroplastizit\u00e4t oder auch <a href=\"https:\/\/de.wikipedia.org\/wiki\/Neuronale_Plastizit%C3%A4t\" target=\"_blank\" rel=\"noopener\">neuronale Plastizit\u00e4t<\/a> bezeichnet Ver\u00e4nderungen im Bereich des zentralen Nervensystems als Adaptionsmechanismus. Hier kann man auch von Lernf\u00e4higkeit sprechen. Die Neuroplastizit\u00e4t des Gehirnes ist bei Kindern besonders hoch. Das erkl\u00e4rt wie Kinder sich so schnell Sprache und Wissen aneignen k\u00f6nnen. Es zeigt aber auch, das therapeutische Ma\u00dfnahmen bei Kindern besonders effektiv wirken k\u00f6nnen. Bezogen auf funktionelle Rehabilitation bietet die erh\u00f6hte Neuroplastizit\u00e4t bei Kindern gute M\u00f6glichkeiten, mit passenden Orthesen motorische Prozesse zu trainieren. Hier ist es auch relevant, in Wachstumssch\u00fcben entsprechend zu unterst\u00fctzen, damit Entwicklungsschritte auch bei wachsendem Gewicht und l\u00e4nger werdenden Gliedma\u00dfen gehalten werden k\u00f6nnen.<br>Heading + desc<br>no-repeat;left top;;<br>auto<br>20px<br><br><h3>Orthesen f\u00fcr Kinder zur Unterst\u00fctzung der Therapie<\/h3>\r<br>\r<br>Unsere CDS\u00ae Orthesen f\u00fcr Kinder und Jugendliche basieren auf dem Prinzip der dynamischen Redression. Die Feder-basierten CDS\u00ae Gelenke dehnen Muskeln kontrolliert und somit vorsichtig. Im Gegensatz zum statischen Quengeln wirken unsere CDS\u00ae Orthesen dynamisch \u00fcber kontrollierbare Federkraft, welche an den Behandlungsverlauf der Patient: Innen angepasst werden kann.\r<br>Der Federmechanismus dehnt die verk\u00fcrzten Strukturen und l\u00e4sst dabei Bewegung zu. Dies f\u00f6rdert die Durchblutung des Gewebes und verhindert eine erneute Kontraktur. Dar\u00fcber hinaus kann der Muskel Spasmen ausleben, was gerade bei neurologischen Krankheiten ein ausschlaggebender Vorteil ist. Der Muskel wird nach der Spastik wieder sanft in die Entspannung gef\u00fchrt.<br>hide<br><br>Insbesondere bei der Versorgung von Kindern bieten die CDS\u00ae Gelenke den Vorteil, dass sie einstellbar sind und auch Bewegung in die Gegenrichtung zulassen. Dies erh\u00f6ht die Compliance gerade bei Kindern deutlich.\r<br>Die CDS\u00ae Gelenke k\u00f6nnen die Therapeut:Innen in ihrer Arbeit unterst\u00fctzen. Das regelm\u00e4\u00dfige Tragen einer CDS\u00ae Orthese kann beispielsweise das Therapieergebnis bis zur n\u00e4chsten Einheit stabilisieren oder auch vor Beginn der Therapie auf diese vorbereiten. \r<br>Das CDS\u00ae Lock Gelenk unterst\u00fctzt bei der Stehtherapie. Bei Kindern kann die CDS\u00ae Kombinationsorthese Knie\/Sprunggelenk insbesondere nach Wachstumssch\u00fcben helfen, den Stand zu stabilisieren und das Therapieergebnis zu erhalten.<br>Heading + desc<br>no-repeat;left top;;<br>auto<br>20px<br><br>Kontaktieren Sie uns<br><a href=\"https:\/\/albrechtgmbh.com\/kontakt\/\">\/kontakt<\/a><br>right<br>2<br>theme<br><br><img decoding=\"async\" src=\"\/wp-content\/uploads\/2022\/12\/Albrecht-Orthesen-fuer-Kinder-und-Jugendliche-kachel-mitte.jpeg\" alt=\"\" \/><br><br><h3>Orthesen f\u00fcr Kinder und Jugendliche zur funktionellen Unterst\u00fctzung<\/h3><br>no-repeat;left top;;<br>auto<br><br>Im Rahmen einer funktionellen Rehabilitation k\u00f6nnen unsere Orthesen auch funktionsunterst\u00fctzend und stabilisierend eingesetzt werden. Die stabilisierende Wirkweise unserer Hilfsmittel erm\u00f6glicht es Patient:Innen, Bewegung gef\u00fchrt und somit sicher auszuf\u00fchren. Gerade bei Kindern, die sich in ihrem Spielen und Toben schwer einschr\u00e4nken lassen, kann durch die Versorgung mit einer Orthese ein gewisses Ma\u00df an Sicherheit zur\u00fcckgegeben werden. Hier m\u00fcssen die Techniker:Innen abkl\u00e4ren, inwiefern ein sicherer Einsatz gew\u00e4hrleistet werden kann.<br>no-repeat;left top;;<br>auto<br>0 0 0 10%<br>border-left: solid 2px #0D913E;<br><br><h2>Der Weg zu Ihrem Hilfsmittel <\/h2><br>hide<br><br><img decoding=\"async\" src=\"\/wp-content\/uploads\/2022\/12\/Albrecht-Orthesen-fuer-Kinder-und-Jugendliche-kachel-unten-links.jpeg\" alt=\"\" \/><br>full<br>center<br><br>Orthesen und Bandagen geh\u00f6ren zu den orthop\u00e4dietechnischen Hilfsmitteln, die in Deutschland im Hilfsmittelkatalog aufgez\u00e4hlt werden. Der Hilfsmittelkatalog bildet die Erstattungsgrundlage f\u00fcr die Krankenkassen. Findet sich ein Hilfsmittel nicht in dieser Auflistung kann es \u00fcber den Sanit\u00e4tsfachhandel zur Bewilligung bei der Krankenkasse eingereicht werden. Hilfsmittel m\u00fcssen von Mediziner:Innen passend zur Indikation verordnet werden. Orthop\u00e4dietechnik-mechaniker:Innen im Sanit\u00e4tshaus passen das Hilfsmittel an die Patient:Innen an und weisen in die Verwendung ein.<br>left<br>left<br>no-repeat;left top;;<br>auto<br><br><img decoding=\"async\" src=\"\/wp-content\/uploads\/2022\/12\/Albrecht-Orthesen-fuer-Kinder-und-Jugendliche-kachel-unten-rechts.jpeg\" alt=\"\" \/><br>full<br>center<br><br>Der Weg zu einem Hilfsmittel kann je nach Indikation unterschiedlich verlaufen:\r<br>\r<br>\tNach einem Trauma kann eine Orthese oder Bandage direkt zur Stabilisierung verordnet werden.\r<br>Steht ein chirurgischer Eingriff an, kann das Hilfsmittel bereits zuvor f\u00fcr die Patient:Innen ausgew\u00e4hlt werden.\r<br>Bei einem station\u00e4ren Aufenthalt kann das Hilfsmittel bereits in der Fr\u00fchrehabilitationseinrichtung oder erst zu einem sp\u00e4teren Zeitpunkt des Rehabilitationsprozesses relevant werden. \r<br><br>left<br>left<br>no-repeat;left top;;<br>auto<br><br>Wichtig ist aber zu bedenken, dass ein schneller Therapiebeginn ausschlaggebend ist. Je fr\u00fcher die Rehabilitationsma\u00dfnahmen stattfinden, desto h\u00f6her die Erfolgschancen, dass die Zielsetzung erreicht wird.  \r<br>In der P\u00e4diatrie besteht au\u00dferdem die Besonderheit, dass bei l\u00e4ngeren Versorgungen die Wachstumssch\u00fcbe der Kinder beachtet werden m\u00fcssen. Hier gilt es genau zu beachten, wie schnell das Kind w\u00e4chst und ab wann eine neue Orthese n\u00f6tig ist.\r<br>Wichtig ist es, dass das ausgew\u00e4hlte Hilfsmittel in den Rehabilitationsplan integriert wird und vor allem den individuellen Bed\u00fcrfnissen der kleinen Patient:Innen entspricht. \r<br>F\u00fcr ein Leben in Bewegung<br>hide<br><br><h3>Unsere Hilfsmittel f\u00fcr Kinder und Jugendliche:<\/h3><br>hide<br><br>8<br>grid<br>4<br>junior<br>rand<br>DESC<br>hide<br><br>Alle Produkte ansehen<br><a href=\"https:\/\/albrechtgmbh.com\/produkte\/produkte\/\">\/produkte\/produkte<\/a><br>left<br>2<br>hide<br><br><\/p>\n","protected":false},"excerpt":{"rendered":"<p>center20px20pxhide JUNIOR \u2013 Orthesen f\u00fcr Kinder und Jugendliche Headingleftcenterno-repeat;left top;;auto 40 Orthesen f\u00fcr Kinder und Jugendliche sind uns eine Herzensangelegenheit. Denn Verletzungen und Beeintr\u00e4chtigungen von Kindern<span class=\"excerpt-hellip\"> [\u2026]<\/span><\/p>\n","protected":false},"author":2,"featured_media":0,"parent":0,"menu_order":0,"comment_status":"closed","ping_status":"closed","template":"","meta":{"footnotes":""},"class_list":["post-4468","page","type-page","status-publish","hentry"],"yoast_head":"<!-- This site is optimized with the Yoast SEO plugin v26.3 - https:\/\/yoast.com\/wordpress\/plugins\/seo\/ -->\n<title>Orthesen f\u00fcr Kinder und Jugendliche | albrecht<\/title>\n<meta name=\"description\" content=\"Orthesen von albrecht f\u00fcr Kinder und Jugendliche lassen sich dank Kombinationsm\u00f6glichkeiten optimal auf die einzelnen Bed\u00fcrfnisse anpassen\" \/>\n<meta name=\"robots\" content=\"index, follow, max-snippet:-1, max-image-preview:large, max-video-preview:-1\" \/>\n<link rel=\"canonical\" href=\"https:\/\/albrechtgmbh.com\/it\/junior\/\" \/>\n<meta property=\"og:locale\" content=\"it_IT\" \/>\n<meta property=\"og:type\" content=\"article\" \/>\n<meta property=\"og:title\" content=\"Orthesen f\u00fcr Kinder und Jugendliche | albrecht\" \/>\n<meta property=\"og:description\" content=\"Orthesen von albrecht f\u00fcr Kinder und Jugendliche lassen sich dank Kombinationsm\u00f6glichkeiten optimal auf die einzelnen Bed\u00fcrfnisse anpassen\" \/>\n<meta property=\"og:url\" content=\"https:\/\/albrechtgmbh.com\/it\/junior\/\" \/>\n<meta property=\"og:site_name\" content=\"Albrecht GmbH\" \/>\n<meta property=\"article:modified_time\" content=\"2023-09-14T10:11:19+00:00\" \/>\n<meta name=\"twitter:card\" content=\"summary_large_image\" \/>\n<meta name=\"twitter:label1\" content=\"Tempo di lettura stimato\" \/>\n\t<meta name=\"twitter:data1\" content=\"6 minuti\" \/>\n<script type=\"application\/ld+json\" class=\"yoast-schema-graph\">{\"@context\":\"https:\/\/schema.org\",\"@graph\":[{\"@type\":\"WebPage\",\"@id\":\"https:\/\/albrechtgmbh.com\/it\/junior\/\",\"url\":\"https:\/\/albrechtgmbh.com\/it\/junior\/\",\"name\":\"Orthesen f\u00fcr Kinder und Jugendliche | albrecht\",\"isPartOf\":{\"@id\":\"https:\/\/albrechtgmbh.com\/#website\"},\"datePublished\":\"2022-08-22T07:50:08+00:00\",\"dateModified\":\"2023-09-14T10:11:19+00:00\",\"description\":\"Orthesen von albrecht f\u00fcr Kinder und Jugendliche lassen sich dank Kombinationsm\u00f6glichkeiten optimal auf die einzelnen Bed\u00fcrfnisse anpassen\",\"breadcrumb\":{\"@id\":\"https:\/\/albrechtgmbh.com\/it\/junior\/#breadcrumb\"},\"inLanguage\":\"it-IT\",\"potentialAction\":[{\"@type\":\"ReadAction\",\"target\":[\"https:\/\/albrechtgmbh.com\/it\/junior\/\"]}]},{\"@type\":\"BreadcrumbList\",\"@id\":\"https:\/\/albrechtgmbh.com\/it\/junior\/#breadcrumb\",\"itemListElement\":[{\"@type\":\"ListItem\",\"position\":1,\"name\":\"Startseite\",\"item\":\"https:\/\/albrechtgmbh.com\/it\/\"},{\"@type\":\"ListItem\",\"position\":2,\"name\":\"JUNIOR\"}]},{\"@type\":\"WebSite\",\"@id\":\"https:\/\/albrechtgmbh.com\/#website\",\"url\":\"https:\/\/albrechtgmbh.com\/\",\"name\":\"Albrecht GmbH\",\"description\":\"Riabilitazione funzionale\",\"potentialAction\":[{\"@type\":\"SearchAction\",\"target\":{\"@type\":\"EntryPoint\",\"urlTemplate\":\"https:\/\/albrechtgmbh.com\/?s={search_term_string}\"},\"query-input\":{\"@type\":\"PropertyValueSpecification\",\"valueRequired\":true,\"valueName\":\"search_term_string\"}}],\"inLanguage\":\"it-IT\"}]}<\/script>\n<!-- \/ Yoast SEO plugin. -->","yoast_head_json":{"title":"Orthesen f\u00fcr Kinder und Jugendliche | albrecht","description":"Orthesen von albrecht f\u00fcr Kinder und Jugendliche lassen sich dank Kombinationsm\u00f6glichkeiten optimal auf die einzelnen Bed\u00fcrfnisse anpassen","robots":{"index":"index","follow":"follow","max-snippet":"max-snippet:-1","max-image-preview":"max-image-preview:large","max-video-preview":"max-video-preview:-1"},"canonical":"https:\/\/albrechtgmbh.com\/it\/junior\/","og_locale":"it_IT","og_type":"article","og_title":"Orthesen f\u00fcr Kinder und Jugendliche | albrecht","og_description":"Orthesen von albrecht f\u00fcr Kinder und Jugendliche lassen sich dank Kombinationsm\u00f6glichkeiten optimal auf die einzelnen Bed\u00fcrfnisse anpassen","og_url":"https:\/\/albrechtgmbh.com\/it\/junior\/","og_site_name":"Albrecht GmbH","article_modified_time":"2023-09-14T10:11:19+00:00","twitter_card":"summary_large_image","twitter_misc":{"Tempo di lettura stimato":"6 minuti"},"schema":{"@context":"https:\/\/schema.org","@graph":[{"@type":"WebPage","@id":"https:\/\/albrechtgmbh.com\/it\/junior\/","url":"https:\/\/albrechtgmbh.com\/it\/junior\/","name":"Orthesen f\u00fcr Kinder und Jugendliche | albrecht","isPartOf":{"@id":"https:\/\/albrechtgmbh.com\/#website"},"datePublished":"2022-08-22T07:50:08+00:00","dateModified":"2023-09-14T10:11:19+00:00","description":"Orthesen von albrecht f\u00fcr Kinder und Jugendliche lassen sich dank Kombinationsm\u00f6glichkeiten optimal auf die einzelnen Bed\u00fcrfnisse anpassen","breadcrumb":{"@id":"https:\/\/albrechtgmbh.com\/it\/junior\/#breadcrumb"},"inLanguage":"it-IT","potentialAction":[{"@type":"ReadAction","target":["https:\/\/albrechtgmbh.com\/it\/junior\/"]}]},{"@type":"BreadcrumbList","@id":"https:\/\/albrechtgmbh.com\/it\/junior\/#breadcrumb","itemListElement":[{"@type":"ListItem","position":1,"name":"Startseite","item":"https:\/\/albrechtgmbh.com\/it\/"},{"@type":"ListItem","position":2,"name":"JUNIOR"}]},{"@type":"WebSite","@id":"https:\/\/albrechtgmbh.com\/#website","url":"https:\/\/albrechtgmbh.com\/","name":"Albrecht GmbH","description":"Riabilitazione funzionale","potentialAction":[{"@type":"SearchAction","target":{"@type":"EntryPoint","urlTemplate":"https:\/\/albrechtgmbh.com\/?s={search_term_string}"},"query-input":{"@type":"PropertyValueSpecification","valueRequired":true,"valueName":"search_term_string"}}],"inLanguage":"it-IT"}]}},"_links":{"self":[{"href":"https:\/\/albrechtgmbh.com\/it\/wp-json\/wp\/v2\/pages\/4468","targetHints":{"allow":["GET"]}}],"collection":[{"href":"https:\/\/albrechtgmbh.com\/it\/wp-json\/wp\/v2\/pages"}],"about":[{"href":"https:\/\/albrechtgmbh.com\/it\/wp-json\/wp\/v2\/types\/page"}],"author":[{"embeddable":true,"href":"https:\/\/albrechtgmbh.com\/it\/wp-json\/wp\/v2\/users\/2"}],"replies":[{"embeddable":true,"href":"https:\/\/albrechtgmbh.com\/it\/wp-json\/wp\/v2\/comments?post=4468"}],"version-history":[{"count":1,"href":"https:\/\/albrechtgmbh.com\/it\/wp-json\/wp\/v2\/pages\/4468\/revisions"}],"predecessor-version":[{"id":4469,"href":"https:\/\/albrechtgmbh.com\/it\/wp-json\/wp\/v2\/pages\/4468\/revisions\/4469"}],"wp:attachment":[{"href":"https:\/\/albrechtgmbh.com\/it\/wp-json\/wp\/v2\/media?parent=4468"}],"curies":[{"name":"wp","href":"https:\/\/api.w.org\/{rel}","templated":true}]}}