{"id":4470,"date":"2022-08-22T09:50:23","date_gmt":"2022-08-22T07:50:23","guid":{"rendered":"https:\/\/albrechtgmbh.com\/individual\/"},"modified":"2023-09-14T12:11:39","modified_gmt":"2023-09-14T10:11:39","slug":"individual","status":"publish","type":"page","link":"https:\/\/albrechtgmbh.com\/it\/individual\/","title":{"rendered":"INDIVIDUAL"},"content":{"rendered":"\n<p><\/p>\n\n\n\n<p><p>center<br>20px<br>20px<br>hide<br><br><\/p><h1>INDIVIDUAL \u2013 Gelenke f\u00fcr individualisierte Orthesen<\/h1><br>Heading<br>left<br>center<br>no-repeat;left top;;<br>auto<br><br>40<br><br><img decoding=\"async\" src=\"\/wp-content\/uploads\/2022\/12\/Albrecht-individualisierte-orthesen-kachen-oben.jpeg\" alt=\"\"><br><br>Das Handwerk der Orthop\u00e4dietechnik hat in Deutschland eine aus der Historie gewachsene Tradition. Viele Patient:Innen k\u00f6nnen mit vorkonfektionierten Hilfsmitteln schnell und passend versorgt werden. Es gibt aber auch Patient:Innen mit besonderen Bed\u00fcrfnissen, f\u00fcr die individualisierte L\u00f6sungen gefunden werden m\u00fcssen. Mit Geschick und Fachwissen erstellen Orthop\u00e4dietechnik-mechaniker:Innen hier passende individualisierte Orthesen als L\u00f6sungen.<br>Heading + desc<br>no-repeat;left top;;<br>auto<br>20px<br><br><h2>Kein Mensch ist S, M, L, XL<\/h2>\r<br>Kein Mensch ist S, M, L, XL \u2013 dieser Satz begleitet uns schon seit langer Zeit. Menschen lassen sich nicht in Schubladen stecken, das war noch nie zeitgem\u00e4\u00dfer als heute. Unser modulares System hat sich nun schon seit vielen Jahren bew\u00e4hrt und bietet nach wie vor vielf\u00e4ltige L\u00f6sungen in Form von modularen \u00c4nderungen und Gr\u00f6\u00dfenmodifikationen. Verschiedene Anpassungsoptionen erm\u00f6glichen Techniker:Innen zus\u00e4tzlich, die <a href=\"https:\/\/de.wikipedia.org\/wiki\/Orthese\" target=\"_blank\" rel=\"noopener\">Orthese<\/a> an die anatomischen Bed\u00fcrfnisse ihrer Patient:Innen zu adaptieren. Mit unseren INDIVIDUAL Gelenken k\u00f6nnen Techniker:Innen alternativ auch individualisierte Ma\u00dfanfertigung f\u00fcr ihre Patient:Innen fertigen.<br>hide<br><br><h2>Der Weg zu Ihrem Hilfsmittel<\/h2><br>hide<br><br><img decoding=\"async\" src=\"\/wp-content\/uploads\/2022\/12\/Albrecht-individualisierte-orthesen-kachen-links.jpeg\" alt=\"\"><br>full<br>center<br><br>Orthesen und Bandagen geh\u00f6ren zu den orthop\u00e4dietechnischen Hilfsmitteln. Ma\u00dfanfertigungen sind nicht wie vor-konfektionierte Orthesen und Bandagen im Hilfsmittelkatalog gelistet. Zur Bewilligung bei der Krankenkasse wird \u00fcber den Sanit\u00e4tsfachhandel ein Kostenvoranschlag eingereicht. Orthop\u00e4dietechnik-mechaniker:Innen im Sanit\u00e4tshaus fertigen dann die entsprechende Versorgung passgenau f\u00fcr die Patient:Innen an.<br>left<br>left<br>no-repeat;left top;;<br>auto<br><br><img decoding=\"async\" src=\"\/wp-content\/uploads\/2022\/12\/Albrecht-individualisierte-orthesen-kachen-rechts.jpeg\" alt=\"\"><br>full<br>center<br><br>Der Weg zu einem Hilfsmittel kann je nach Indikation unterschiedlich verlaufen. Bei einem station\u00e4ren Aufenthalt kann das Hilfsmittel beispielsweise bereits in der Fr\u00fchrehabilitationseinrichtung oder erst zu einem sp\u00e4teren Zeitpunkt des Rehabilitationsprozesses relevant werden. Wichtig ist aber zu bedenken, dass ein schneller Therapiebeginn ausschlaggebend ist. Je fr\u00fcher die Rehabilitationsma\u00dfnahmen stattfinden, desto h\u00f6her die Erfolgschancen, dass die Zielsetzung erreicht wird.\r<br>Wichtig ist es, dass das ausgew\u00e4hlte Hilfsmittel in den Rehabilitationsplan integriert wird und vor allem den individuellen Bed\u00fcrfnissen der Patient: Innen entspricht.<br>left<br>left<br>no-repeat;left top;;<br>auto<br><br><h3>albrecht akademie<\/h3>\r<br>\r<br>Im Rahmen der albrecht akademie bieten wir Techniker:Innen die M\u00f6glichkeit, unsere INDIVIDUAL Serie besser kennen zu lernen. Die Schulungsinhalte k\u00f6nnen auf die Bed\u00fcrfnisse der Teilnehmer:Innen angepasst werden.<br>hide<br><br>Kontaktieren Sie uns<br><a href=\"\/kontakt\">\/kontakt<\/a><br>left<br>2<br>hide<br><br><\/p>\n","protected":false},"excerpt":{"rendered":"<p>center20px20pxhide INDIVIDUAL \u2013 Gelenke f\u00fcr individualisierte Orthesen Headingleftcenterno-repeat;left top;;auto 40 Das Handwerk der Orthop\u00e4dietechnik hat in Deutschland eine aus der Historie gewachsene Tradition. Viele Patient:Innen k\u00f6nnen<span class=\"excerpt-hellip\"> [\u2026]<\/span><\/p>\n","protected":false},"author":2,"featured_media":0,"parent":0,"menu_order":0,"comment_status":"closed","ping_status":"closed","template":"","meta":{"footnotes":""},"class_list":["post-4470","page","type-page","status-publish","hentry"],"yoast_head":"<!-- This site is optimized with the Yoast SEO plugin v26.3 - https:\/\/yoast.com\/wordpress\/plugins\/seo\/ -->\n<title>individualisierte Orthesen \u2013 Die INDIVIDUAL-Reihe von albrecht<\/title>\n<meta name=\"description\" content=\"Individualisierte Orthesen erm\u00f6glichen bei ungew\u00f6hnlichen Gr\u00f6\u00dfen oder Einschr\u00e4nkungen eine bessere Versorgung des Patienten | albrecht GmbH\" \/>\n<meta name=\"robots\" content=\"index, follow, max-snippet:-1, max-image-preview:large, max-video-preview:-1\" \/>\n<link rel=\"canonical\" href=\"https:\/\/albrechtgmbh.com\/it\/individual\/\" \/>\n<meta property=\"og:locale\" content=\"it_IT\" \/>\n<meta property=\"og:type\" content=\"article\" \/>\n<meta property=\"og:title\" content=\"individualisierte Orthesen \u2013 Die INDIVIDUAL-Reihe von albrecht\" \/>\n<meta property=\"og:description\" content=\"Individualisierte Orthesen erm\u00f6glichen bei ungew\u00f6hnlichen Gr\u00f6\u00dfen oder Einschr\u00e4nkungen eine bessere Versorgung des Patienten | albrecht GmbH\" \/>\n<meta property=\"og:url\" content=\"https:\/\/albrechtgmbh.com\/it\/individual\/\" \/>\n<meta property=\"og:site_name\" content=\"Albrecht GmbH\" \/>\n<meta property=\"article:modified_time\" content=\"2023-09-14T10:11:39+00:00\" \/>\n<meta name=\"twitter:card\" content=\"summary_large_image\" \/>\n<meta name=\"twitter:label1\" content=\"Tempo di lettura stimato\" \/>\n\t<meta name=\"twitter:data1\" content=\"3 minuti\" \/>\n<script type=\"application\/ld+json\" class=\"yoast-schema-graph\">{\"@context\":\"https:\/\/schema.org\",\"@graph\":[{\"@type\":\"WebPage\",\"@id\":\"https:\/\/albrechtgmbh.com\/it\/individual\/\",\"url\":\"https:\/\/albrechtgmbh.com\/it\/individual\/\",\"name\":\"individualisierte Orthesen \u2013 Die INDIVIDUAL-Reihe von albrecht\",\"isPartOf\":{\"@id\":\"https:\/\/albrechtgmbh.com\/#website\"},\"datePublished\":\"2022-08-22T07:50:23+00:00\",\"dateModified\":\"2023-09-14T10:11:39+00:00\",\"description\":\"Individualisierte Orthesen erm\u00f6glichen bei ungew\u00f6hnlichen Gr\u00f6\u00dfen oder Einschr\u00e4nkungen eine bessere Versorgung des Patienten | albrecht GmbH\",\"breadcrumb\":{\"@id\":\"https:\/\/albrechtgmbh.com\/it\/individual\/#breadcrumb\"},\"inLanguage\":\"it-IT\",\"potentialAction\":[{\"@type\":\"ReadAction\",\"target\":[\"https:\/\/albrechtgmbh.com\/it\/individual\/\"]}]},{\"@type\":\"BreadcrumbList\",\"@id\":\"https:\/\/albrechtgmbh.com\/it\/individual\/#breadcrumb\",\"itemListElement\":[{\"@type\":\"ListItem\",\"position\":1,\"name\":\"Startseite\",\"item\":\"https:\/\/albrechtgmbh.com\/it\/\"},{\"@type\":\"ListItem\",\"position\":2,\"name\":\"INDIVIDUAL\"}]},{\"@type\":\"WebSite\",\"@id\":\"https:\/\/albrechtgmbh.com\/#website\",\"url\":\"https:\/\/albrechtgmbh.com\/\",\"name\":\"Albrecht GmbH\",\"description\":\"Riabilitazione funzionale\",\"potentialAction\":[{\"@type\":\"SearchAction\",\"target\":{\"@type\":\"EntryPoint\",\"urlTemplate\":\"https:\/\/albrechtgmbh.com\/?s={search_term_string}\"},\"query-input\":{\"@type\":\"PropertyValueSpecification\",\"valueRequired\":true,\"valueName\":\"search_term_string\"}}],\"inLanguage\":\"it-IT\"}]}<\/script>\n<!-- \/ Yoast SEO plugin. -->","yoast_head_json":{"title":"individualisierte Orthesen \u2013 Die INDIVIDUAL-Reihe von albrecht","description":"Individualisierte Orthesen erm\u00f6glichen bei ungew\u00f6hnlichen Gr\u00f6\u00dfen oder Einschr\u00e4nkungen eine bessere Versorgung des Patienten | albrecht GmbH","robots":{"index":"index","follow":"follow","max-snippet":"max-snippet:-1","max-image-preview":"max-image-preview:large","max-video-preview":"max-video-preview:-1"},"canonical":"https:\/\/albrechtgmbh.com\/it\/individual\/","og_locale":"it_IT","og_type":"article","og_title":"individualisierte Orthesen \u2013 Die INDIVIDUAL-Reihe von albrecht","og_description":"Individualisierte Orthesen erm\u00f6glichen bei ungew\u00f6hnlichen Gr\u00f6\u00dfen oder Einschr\u00e4nkungen eine bessere Versorgung des Patienten | albrecht GmbH","og_url":"https:\/\/albrechtgmbh.com\/it\/individual\/","og_site_name":"Albrecht GmbH","article_modified_time":"2023-09-14T10:11:39+00:00","twitter_card":"summary_large_image","twitter_misc":{"Tempo di lettura stimato":"3 minuti"},"schema":{"@context":"https:\/\/schema.org","@graph":[{"@type":"WebPage","@id":"https:\/\/albrechtgmbh.com\/it\/individual\/","url":"https:\/\/albrechtgmbh.com\/it\/individual\/","name":"individualisierte Orthesen \u2013 Die INDIVIDUAL-Reihe von albrecht","isPartOf":{"@id":"https:\/\/albrechtgmbh.com\/#website"},"datePublished":"2022-08-22T07:50:23+00:00","dateModified":"2023-09-14T10:11:39+00:00","description":"Individualisierte Orthesen erm\u00f6glichen bei ungew\u00f6hnlichen Gr\u00f6\u00dfen oder Einschr\u00e4nkungen eine bessere Versorgung des Patienten | albrecht GmbH","breadcrumb":{"@id":"https:\/\/albrechtgmbh.com\/it\/individual\/#breadcrumb"},"inLanguage":"it-IT","potentialAction":[{"@type":"ReadAction","target":["https:\/\/albrechtgmbh.com\/it\/individual\/"]}]},{"@type":"BreadcrumbList","@id":"https:\/\/albrechtgmbh.com\/it\/individual\/#breadcrumb","itemListElement":[{"@type":"ListItem","position":1,"name":"Startseite","item":"https:\/\/albrechtgmbh.com\/it\/"},{"@type":"ListItem","position":2,"name":"INDIVIDUAL"}]},{"@type":"WebSite","@id":"https:\/\/albrechtgmbh.com\/#website","url":"https:\/\/albrechtgmbh.com\/","name":"Albrecht GmbH","description":"Riabilitazione funzionale","potentialAction":[{"@type":"SearchAction","target":{"@type":"EntryPoint","urlTemplate":"https:\/\/albrechtgmbh.com\/?s={search_term_string}"},"query-input":{"@type":"PropertyValueSpecification","valueRequired":true,"valueName":"search_term_string"}}],"inLanguage":"it-IT"}]}},"_links":{"self":[{"href":"https:\/\/albrechtgmbh.com\/it\/wp-json\/wp\/v2\/pages\/4470","targetHints":{"allow":["GET"]}}],"collection":[{"href":"https:\/\/albrechtgmbh.com\/it\/wp-json\/wp\/v2\/pages"}],"about":[{"href":"https:\/\/albrechtgmbh.com\/it\/wp-json\/wp\/v2\/types\/page"}],"author":[{"embeddable":true,"href":"https:\/\/albrechtgmbh.com\/it\/wp-json\/wp\/v2\/users\/2"}],"replies":[{"embeddable":true,"href":"https:\/\/albrechtgmbh.com\/it\/wp-json\/wp\/v2\/comments?post=4470"}],"version-history":[{"count":3,"href":"https:\/\/albrechtgmbh.com\/it\/wp-json\/wp\/v2\/pages\/4470\/revisions"}],"predecessor-version":[{"id":4473,"href":"https:\/\/albrechtgmbh.com\/it\/wp-json\/wp\/v2\/pages\/4470\/revisions\/4473"}],"wp:attachment":[{"href":"https:\/\/albrechtgmbh.com\/it\/wp-json\/wp\/v2\/media?parent=4470"}],"curies":[{"name":"wp","href":"https:\/\/api.w.org\/{rel}","templated":true}]}}