{"id":4476,"date":"2022-09-12T07:50:59","date_gmt":"2022-09-12T05:50:59","guid":{"rendered":"https:\/\/albrechtgmbh.com\/infantile-cerebralparese\/"},"modified":"2023-08-29T09:45:17","modified_gmt":"2023-08-29T07:45:17","slug":"infantile-cerebralparese","status":"publish","type":"page","link":"https:\/\/albrechtgmbh.com\/it\/infantile-cerebralparese\/","title":{"rendered":"Infantile Cerebralparese"},"content":{"rendered":"\n<p><\/p>\n\n\n\n<p>center<br>20px<br>20px<br>hide<br><br><h1>Infantile Cerebralparese (ICP)<\/h1><br>Heading<br>left<br>center<br>no-repeat;left top;;<br>auto<br><br>40<br><br><h2>I. Definition Infantile Cerebralparese<\/h2>\r<br>Die fr\u00fchkindliche Hirnsch\u00e4digung ist eine bleibende, aber nicht progrediente medizinische Sch\u00e4digung des unreifen Gehirns eines Kindes. Funktionsst\u00f6rungen des <a href=\"https:\/\/de.wikipedia.org\/wiki\/Zentralnervensystem\" target=\"_blank\" rel=\"noopener\">zentralen Nervensystems<\/a> (ZNS) \u00e4u\u00dfern sich sowohl als motorische und h\u00e4ufig zus\u00e4tzlich als St\u00f6rung der Psyche und des Verhaltens. Es kann eine Kombination von Sinnes- und Wahrnehmungsst\u00f6rungen im Gehirn, sowie zerebralen Bewegungsst\u00f6rungen sein. Symptome k\u00f6nnen bei infantiler Cerebralparese bis hin zu L\u00e4hmungen bei Kindern f\u00fchren. Die Ursachen sind dabei verschiedener Natur.<br>Desc<br>no-repeat;left top;;<br>auto<br><br><h2>II. Ursachen der infantilen Cerebralparese<\/h2>\r<br>Die Erkrankung der infantilen Cerebralparese, h\u00e4ufig auch Zerebralparese geschrieben, kann viele Ursachen haben. So sind h\u00e4ufig schon vor oder w\u00e4hrend der Geburt Gr\u00fcnde zu erkennen:\r<br>\r<br>\tIm Mutterleib (infekti\u00f6sen und toxischen Embryo-Fetopathie)\r<br>\tW\u00e4hrend der Geburt kann Sauerstoffmangel bei den Kindern auftreten\r<br>\tIm Neugeborenen Alter k\u00f6nnen Kinder Entz\u00fcndungen oder Traumata erleben\r<br><br>Desc<br>no-repeat;left top;;<br>auto<br><br><h2>III. Auswirkungen auf Patienten<\/h2>\r<br>Die Auswirkungen und Symptome lassen sich auf wenige Auspr\u00e4gungen beschr\u00e4nken, wodurch eine Diagnose gut m\u00f6glich ist. Bei der infantilen Zerebralparese sind die Symptome somit:\r<br>\r<br>\tHalbseitenl\u00e4hmung (unilaterale spastische CP arm- und beinbetont)\r<br>\tbeide Beine betroffen (bilaterale spastische CP)\r<br>\tdrei Extremit\u00e4ten sind betroffen (Triplegie)\r<br>\talle vier Extremit\u00e4ten (schwere bilaterale spastische CP)\r<br><br>Desc<br>no-repeat;left top;;<br>auto<br><br><img decoding=\"async\" src=\"\/wp-content\/uploads\/2022\/10\/Albrecht-infantile-cerebralparese-spastische-tetraparese-bilateral.png\" alt=\"\" \/><br>medium<br>contain<br>center center<br>hide<br><br><img decoding=\"async\" src=\"\/wp-content\/uploads\/2022\/10\/Albrecht-infantile-cerebralparese-diparese-spastische-tetraparese-beinbetont-bilateral.png\" alt=\"\" \/><br>medium<br>contain<br>center center<br>hide<br><br><img decoding=\"async\" src=\"\/wp-content\/uploads\/2022\/10\/Albrecht-infantile-cerebralparese-spastische-hemiparese-unilateral.png\" alt=\"\" \/><br>medium<br>contain<br>center center<br>hide<br><br>Die Entwicklung einer Spastik kann einerseits schmerzhaft sein und andererseits auch zu einer Kontraktur f\u00fchren. Kontrakturen bezeichnen Verk\u00fcrzungen des Gewebes (Muskeln, Sehnen oder B\u00e4nder) um ein Gelenk. Diese f\u00fchren zu Einschr\u00e4nkungen, welche den Bewegungsumfang des Gelenks reduzieren, oder ganz versteifen. Neben den Schmerzen entsteht hier somit eine Beeintr\u00e4chtigung des Alltags.<br>hide<br><br><h2>IV. Symptome und Funktionsst\u00f6rungen bei Infantiler Cerebralparese<\/h2>\r<br>Grunds\u00e4tzlich l\u00e4sst sich die medizinische Erkrankung auf Bewegungsst\u00f6rungen, Sprachst\u00f6rungen und sensorische St\u00f6rungen zusammenfassen. Dies kann bis zur L\u00e4hmung voranschreiten. Der infantilen Zerebralparese liegen Hirnsch\u00e4digungen zugrunde.\r<br>\r<br>\tGangst\u00f6rung\r<br>\tSprachst\u00f6rung\r<br>\tGreifst\u00f6rung\r<br>\tOberfl\u00e4chensensibilit\u00e4tsst\u00f6rung\r<br>\tTiefensensibilit\u00e4tsst\u00f6rung\r<br>\tsensorische St\u00f6rung\r<br>\tkognitive St\u00f6rung\r<br><br>Desc<br>no-repeat;left top;;<br>auto<br><br><h2>V. Therapieziel bei ICP<\/h2>\r<br>Die Therapie bei der Zerebralparese ist abh\u00e4ngig von der genauen Darstellung und der Auspr\u00e4gung der Sch\u00e4digungen. Im Allgemeinen lassen sich jedoch die folgenden Therapien fokussieren:\r<br>\r<br>\tEntwicklungs- und Reifungsf\u00f6rderung\r<br>\tWachstumslenkung\r<br>\tSchmerzvorbeugung\r<br>\tFunktionsverbesserung- mehr Mobilit\u00e4t;\r<br>\tVerbesserung der Motorik\r<br><br>Desc<br>no-repeat;left top;;<br>auto<br><br><h2>VI. Verlauf der ICP<\/h2>\r<br>Es gibt drei verschiedene Formen und Mischformen:\r<br>\r<br>\tSpastik 80-90%\r<br>\tUnwillk\u00fcrliche Bewegungen (Dyskinesie) 6%\r<br>\tZittrige Bewegungen (Ataxie) 5%\r<br><br>Desc<br>no-repeat;left top;;<br>auto<br><br><img decoding=\"async\" src=\"\/wp-content\/uploads\/2022\/11\/Formen-der-Ko\u0308rperbehinderung.png\" alt=\"\" \/><br>full<br>left<br><br>Je nach Schwere der Form, kommt es zu verschiedenen Verl\u00e4ufen. Prinzipiell kann man die grobmotorischen F\u00e4higkeiten (Gehen, Stehen, Sitzen) in f\u00fcnf verschiedene Stufen nach dem Gross Motor Funktion Classification System (GMFCS) einteilen.<br>left<br>no-repeat;left top;;<br>auto<br><br><img decoding=\"async\" src=\"\/wp-content\/uploads\/2022\/11\/Level-1.jpg\" alt=\"\" \/><br>full<br>Level 1<br><br><img decoding=\"async\" src=\"\/wp-content\/uploads\/2022\/11\/Level-2.jpg\" alt=\"\" \/><br>full<br>Level 2<br><br><img decoding=\"async\" src=\"\/wp-content\/uploads\/2022\/11\/Level-3.jpg\" alt=\"\" \/><br>full<br>Level 3<br><br><img decoding=\"async\" src=\"\/wp-content\/uploads\/2022\/11\/Level-4.jpg\" alt=\"\" \/><br>full<br>Level 4<br><br><img decoding=\"async\" src=\"\/wp-content\/uploads\/2022\/11\/Level-5.jpg\" alt=\"\" \/><br>full<br>Level 5<br><br>Die feinmotorischen F\u00e4higkeiten sind bei 2\/3 der Betroffenen eingeschr\u00e4nkt. Allt\u00e4gliche Aufgaben wie Essen und Trinken, Kleidung an- und ausziehen, schreiben oder Ball fangen sind folglich eine Herausforderung.<br>left<br>left<br>no-repeat;left top;;<br>auto<br><br><img decoding=\"async\" src=\"\/wp-content\/uploads\/2022\/10\/Albrecht-infantile-cerebralparese-Essen-und-Trinken.png\" alt=\"\" \/><br>thumbnail<br>right<br><br><img decoding=\"async\" src=\"\/wp-content\/uploads\/2022\/10\/Albrecht-infantile-cerebralparese-Kleidung-an-und-ausziehen.png\" alt=\"\" \/><br>full<br>right<br><br><img decoding=\"async\" src=\"\/wp-content\/uploads\/2022\/10\/Albrecht-infantile-cerebralparese-Schreiben.png\" alt=\"\" \/><br>full<br>right<br><br><img decoding=\"async\" src=\"\/wp-content\/uploads\/2022\/10\/Albrecht-infantile-cerebralparese-Ball-fangen.png\" alt=\"\" \/><br>full<br>right<br><br>Durch Verbesserung der Motorik kommt es zu einer Verbesserung des Allgemeinzustandes und somit zu einer Verbesserung der Lebensqualit\u00e4t. In der Therapie von Patienten mit ICP muss immer auf die individuellen und aktuellen Bed\u00fcrfnisse der Patienten eingegangen werden.<br>left<br>left<br>no-repeat;left top;;<br>auto<br><br><h3>Dynamischen Redression<\/h3>\r<br>\r<br>Bei Kontrakturen k\u00f6nnen zur Unterst\u00fctzung der Therapie Orthesen zur dynamischen Redression herangezogen werden. Dynamische Redression basiert auf einem Federgelenk, dass verk\u00fcrzte Strukturen kontrolliert aufdehnt. Hierbei wird keine Zwangshaltung forciert und eine Bewegung in die Gegenrichtung ist weiterhin m\u00f6glich. Die Durchblutung des kontrakten Gewebes wird angeregt und das Wachstum gesunder Strukturen gef\u00f6rdert. Die dynamische Redression kann auch mit dem Ziel der Kontrakturprophylaxe eingesetzt werden.<br>hide<br><br>Zu unseren Produkten<br><a href=\"https:\/\/albrechtgmbh.com\/produkte\/produkte\/\">\/produkte\/produkte\/<\/a><br>left<br>2<br>hide<br><br><h3>Verbesserung der Lebensqualit\u00e4t am Beispiel des Stehens<\/h3>\r<br>\r<br>Ein Patient mit dem GMFCS Level V sitzt \u00fcber den Tag verteilt 6-8 Stunden in seinem Rollstuhl. Die restliche Zeit wird er liegend gelagert. Durch die Grunderkrankung kann es zu orthop\u00e4dischen Defiziten kommen. Dies k\u00f6nnen unter anderem Kontrakturen sein, welche eine aufrechte Position gegen die Schwerkraft erschweren. Es kann sogar so weit f\u00fchren, dass ein Stehen ab einem gewissen Winkel nicht mehr m\u00f6glich ist. Deshalb ist es wichtig eine Kontraktur zu vermeiden, oder so schnell wie m\u00f6glich zu behandeln.\r<br>\r<br>Stehen verbessert<br>hide<br><br><img decoding=\"async\" src=\"\/wp-content\/uploads\/2022\/10\/Albrecht-Infantile-Cerebralparese-icon-kreislauf.png\" alt=\"\" \/><br>Das Herz-Kreislaufsystem<br><br><img decoding=\"async\" src=\"\/wp-content\/uploads\/2022\/10\/Albrecht-Infantile-Cerebralparese-icon-gelenk.png\" alt=\"\" \/><br>Die Entwicklung der Gelenke und Knochen im belasteten Zustand gegen die Schwerkraft<br><br><img decoding=\"async\" src=\"\/wp-content\/uploads\/2022\/10\/Albrecht-Infantile-Cerebralparese-icon-kind.png\" alt=\"\" \/><br>Die Wahrnehmung des Kindes<br><br><br><img decoding=\"async\" src=\"\/wp-content\/uploads\/2022\/10\/Albrecht-Infantile-Cerebralparese-icon-psyche.png\" alt=\"\" \/><br>Gesamte Psyche, auf gleicher Augenh\u00f6he wie andere sein<br><br><img decoding=\"async\" src=\"http:\/\/2022.albrechtgmbh.com\/wp-content\/themes\/betheme\/muffin-options\/svg\/placeholders\/image.svg\" alt=\"\" \/><br>full<br>contain<br>center center<br>hide<br><br><h3>Autor<\/h3>\r<br>Vorname Nachname \r<br>Qualifikation<br>hide<br><br>Lorem ipsum dolor sit amet, consetetur sadipscing elitr, sed diam nonumy eirmod tempor invidunt ut labore et dolore magna aliquyam erat, sed diam voluptua.<br>hide<br><br><\/p>\n","protected":false},"excerpt":{"rendered":"<p>center20px20pxhide Infantile Cerebralparese (ICP) Headingleftcenterno-repeat;left top;;auto 40 I. Definition Infantile Cerebralparese Die fr\u00fchkindliche Hirnsch\u00e4digung ist eine bleibende, aber nicht progrediente medizinische Sch\u00e4digung des unreifen Gehirns eines<span class=\"excerpt-hellip\"> [\u2026]<\/span><\/p>\n","protected":false},"author":2,"featured_media":0,"parent":0,"menu_order":0,"comment_status":"closed","ping_status":"closed","template":"","meta":{"footnotes":""},"class_list":["post-4476","page","type-page","status-publish","hentry"],"yoast_head":"<!-- This site is optimized with the Yoast SEO plugin v26.3 - https:\/\/yoast.com\/wordpress\/plugins\/seo\/ -->\n<title>Infantile Cerebralparese<\/title>\n<meta name=\"description\" content=\"Infantile Cerebralparese | Funktionsst\u00f6rungen des zentralen Nervensystems: Definition, Ursachen, Verlauf und mehr.\" \/>\n<meta name=\"robots\" content=\"index, follow, max-snippet:-1, max-image-preview:large, max-video-preview:-1\" \/>\n<link rel=\"canonical\" href=\"https:\/\/albrechtgmbh.com\/infantile-cerebralparese\/\" \/>\n<meta property=\"og:locale\" content=\"it_IT\" \/>\n<meta property=\"og:type\" content=\"article\" \/>\n<meta property=\"og:title\" content=\"Infantile Cerebralparese\" \/>\n<meta property=\"og:description\" content=\"Infantile Cerebralparese | Funktionsst\u00f6rungen des zentralen Nervensystems: Definition, Ursachen, Verlauf und mehr.\" \/>\n<meta property=\"og:url\" content=\"https:\/\/albrechtgmbh.com\/infantile-cerebralparese\/\" \/>\n<meta property=\"og:site_name\" content=\"Albrecht GmbH\" \/>\n<meta property=\"article:modified_time\" content=\"2023-08-29T07:45:17+00:00\" \/>\n<meta property=\"og:image\" content=\"http:\/\/2022.albrechtgmbh.com\/wp-content\/themes\/betheme\/muffin-options\/svg\/placeholders\/image.svg\" \/>\n<meta name=\"twitter:card\" content=\"summary_large_image\" \/>\n<meta name=\"twitter:label1\" content=\"Tempo di lettura stimato\" \/>\n\t<meta name=\"twitter:data1\" content=\"8 minuti\" \/>\n<script type=\"application\/ld+json\" class=\"yoast-schema-graph\">{\"@context\":\"https:\/\/schema.org\",\"@graph\":[{\"@type\":\"WebPage\",\"@id\":\"https:\/\/albrechtgmbh.com\/infantile-cerebralparese\/\",\"url\":\"https:\/\/albrechtgmbh.com\/infantile-cerebralparese\/\",\"name\":\"Infantile Cerebralparese\",\"isPartOf\":{\"@id\":\"https:\/\/albrechtgmbh.com\/#website\"},\"primaryImageOfPage\":{\"@id\":\"https:\/\/albrechtgmbh.com\/infantile-cerebralparese\/#primaryimage\"},\"image\":{\"@id\":\"https:\/\/albrechtgmbh.com\/infantile-cerebralparese\/#primaryimage\"},\"thumbnailUrl\":\"http:\/\/2022.albrechtgmbh.com\/wp-content\/themes\/betheme\/muffin-options\/svg\/placeholders\/image.svg\",\"datePublished\":\"2022-09-12T05:50:59+00:00\",\"dateModified\":\"2023-08-29T07:45:17+00:00\",\"description\":\"Infantile Cerebralparese | Funktionsst\u00f6rungen des zentralen Nervensystems: Definition, Ursachen, Verlauf und mehr.\",\"breadcrumb\":{\"@id\":\"https:\/\/albrechtgmbh.com\/infantile-cerebralparese\/#breadcrumb\"},\"inLanguage\":\"it-IT\",\"potentialAction\":[{\"@type\":\"ReadAction\",\"target\":[\"https:\/\/albrechtgmbh.com\/infantile-cerebralparese\/\"]}]},{\"@type\":\"ImageObject\",\"inLanguage\":\"it-IT\",\"@id\":\"https:\/\/albrechtgmbh.com\/infantile-cerebralparese\/#primaryimage\",\"url\":\"http:\/\/2022.albrechtgmbh.com\/wp-content\/themes\/betheme\/muffin-options\/svg\/placeholders\/image.svg\",\"contentUrl\":\"http:\/\/2022.albrechtgmbh.com\/wp-content\/themes\/betheme\/muffin-options\/svg\/placeholders\/image.svg\"},{\"@type\":\"BreadcrumbList\",\"@id\":\"https:\/\/albrechtgmbh.com\/infantile-cerebralparese\/#breadcrumb\",\"itemListElement\":[{\"@type\":\"ListItem\",\"position\":1,\"name\":\"Startseite\",\"item\":\"https:\/\/albrechtgmbh.com\/it\/\"},{\"@type\":\"ListItem\",\"position\":2,\"name\":\"Infantile Cerebralparese\"}]},{\"@type\":\"WebSite\",\"@id\":\"https:\/\/albrechtgmbh.com\/#website\",\"url\":\"https:\/\/albrechtgmbh.com\/\",\"name\":\"Albrecht GmbH\",\"description\":\"Riabilitazione funzionale\",\"potentialAction\":[{\"@type\":\"SearchAction\",\"target\":{\"@type\":\"EntryPoint\",\"urlTemplate\":\"https:\/\/albrechtgmbh.com\/?s={search_term_string}\"},\"query-input\":{\"@type\":\"PropertyValueSpecification\",\"valueRequired\":true,\"valueName\":\"search_term_string\"}}],\"inLanguage\":\"it-IT\"}]}<\/script>\n<!-- \/ Yoast SEO plugin. -->","yoast_head_json":{"title":"Infantile Cerebralparese","description":"Infantile Cerebralparese | Funktionsst\u00f6rungen des zentralen Nervensystems: Definition, Ursachen, Verlauf und mehr.","robots":{"index":"index","follow":"follow","max-snippet":"max-snippet:-1","max-image-preview":"max-image-preview:large","max-video-preview":"max-video-preview:-1"},"canonical":"https:\/\/albrechtgmbh.com\/infantile-cerebralparese\/","og_locale":"it_IT","og_type":"article","og_title":"Infantile Cerebralparese","og_description":"Infantile Cerebralparese | Funktionsst\u00f6rungen des zentralen Nervensystems: Definition, Ursachen, Verlauf und mehr.","og_url":"https:\/\/albrechtgmbh.com\/infantile-cerebralparese\/","og_site_name":"Albrecht GmbH","article_modified_time":"2023-08-29T07:45:17+00:00","og_image":[{"url":"http:\/\/2022.albrechtgmbh.com\/wp-content\/themes\/betheme\/muffin-options\/svg\/placeholders\/image.svg","type":"","width":"","height":""}],"twitter_card":"summary_large_image","twitter_misc":{"Tempo di lettura stimato":"8 minuti"},"schema":{"@context":"https:\/\/schema.org","@graph":[{"@type":"WebPage","@id":"https:\/\/albrechtgmbh.com\/infantile-cerebralparese\/","url":"https:\/\/albrechtgmbh.com\/infantile-cerebralparese\/","name":"Infantile Cerebralparese","isPartOf":{"@id":"https:\/\/albrechtgmbh.com\/#website"},"primaryImageOfPage":{"@id":"https:\/\/albrechtgmbh.com\/infantile-cerebralparese\/#primaryimage"},"image":{"@id":"https:\/\/albrechtgmbh.com\/infantile-cerebralparese\/#primaryimage"},"thumbnailUrl":"http:\/\/2022.albrechtgmbh.com\/wp-content\/themes\/betheme\/muffin-options\/svg\/placeholders\/image.svg","datePublished":"2022-09-12T05:50:59+00:00","dateModified":"2023-08-29T07:45:17+00:00","description":"Infantile Cerebralparese | Funktionsst\u00f6rungen des zentralen Nervensystems: Definition, Ursachen, Verlauf und mehr.","breadcrumb":{"@id":"https:\/\/albrechtgmbh.com\/infantile-cerebralparese\/#breadcrumb"},"inLanguage":"it-IT","potentialAction":[{"@type":"ReadAction","target":["https:\/\/albrechtgmbh.com\/infantile-cerebralparese\/"]}]},{"@type":"ImageObject","inLanguage":"it-IT","@id":"https:\/\/albrechtgmbh.com\/infantile-cerebralparese\/#primaryimage","url":"http:\/\/2022.albrechtgmbh.com\/wp-content\/themes\/betheme\/muffin-options\/svg\/placeholders\/image.svg","contentUrl":"http:\/\/2022.albrechtgmbh.com\/wp-content\/themes\/betheme\/muffin-options\/svg\/placeholders\/image.svg"},{"@type":"BreadcrumbList","@id":"https:\/\/albrechtgmbh.com\/infantile-cerebralparese\/#breadcrumb","itemListElement":[{"@type":"ListItem","position":1,"name":"Startseite","item":"https:\/\/albrechtgmbh.com\/it\/"},{"@type":"ListItem","position":2,"name":"Infantile Cerebralparese"}]},{"@type":"WebSite","@id":"https:\/\/albrechtgmbh.com\/#website","url":"https:\/\/albrechtgmbh.com\/","name":"Albrecht GmbH","description":"Riabilitazione funzionale","potentialAction":[{"@type":"SearchAction","target":{"@type":"EntryPoint","urlTemplate":"https:\/\/albrechtgmbh.com\/?s={search_term_string}"},"query-input":{"@type":"PropertyValueSpecification","valueRequired":true,"valueName":"search_term_string"}}],"inLanguage":"it-IT"}]}},"_links":{"self":[{"href":"https:\/\/albrechtgmbh.com\/it\/wp-json\/wp\/v2\/pages\/4476","targetHints":{"allow":["GET"]}}],"collection":[{"href":"https:\/\/albrechtgmbh.com\/it\/wp-json\/wp\/v2\/pages"}],"about":[{"href":"https:\/\/albrechtgmbh.com\/it\/wp-json\/wp\/v2\/types\/page"}],"author":[{"embeddable":true,"href":"https:\/\/albrechtgmbh.com\/it\/wp-json\/wp\/v2\/users\/2"}],"replies":[{"embeddable":true,"href":"https:\/\/albrechtgmbh.com\/it\/wp-json\/wp\/v2\/comments?post=4476"}],"version-history":[{"count":1,"href":"https:\/\/albrechtgmbh.com\/it\/wp-json\/wp\/v2\/pages\/4476\/revisions"}],"predecessor-version":[{"id":4477,"href":"https:\/\/albrechtgmbh.com\/it\/wp-json\/wp\/v2\/pages\/4476\/revisions\/4477"}],"wp:attachment":[{"href":"https:\/\/albrechtgmbh.com\/it\/wp-json\/wp\/v2\/media?parent=4476"}],"curies":[{"name":"wp","href":"https:\/\/api.w.org\/{rel}","templated":true}]}}