{"id":4480,"date":"2016-08-02T11:55:53","date_gmt":"2016-08-02T09:55:53","guid":{"rendered":"https:\/\/albrechtgmbh.com\/unternehmen\/"},"modified":"2023-09-14T12:13:10","modified_gmt":"2023-09-14T10:13:10","slug":"unternehmen","status":"publish","type":"page","link":"https:\/\/albrechtgmbh.com\/it\/unternehmen\/","title":{"rendered":"Unternehmen"},"content":{"rendered":"\n<p><\/p>\n\n\n\n<p><\/p>\n\n\n\n<p><h1> albrecht &#8211; zusammen f\u00fcr ein Leben in Bewegung<\/h1><br>hide<br><br>Seit 1995 hat sich albrecht das Ziel gesetzt, funktionelle Rehabilitation voranzutreiben. Stabilisierung statt Versteifung. Dehnung statt Verk\u00fcrzung. Fortschritt statt R\u00fcckschritt. F\u00fcr ein Leben in Bewegung. \r<br>\r<br>In enger Zusammenarbeit mit Mediziner:Innen, Therapeut:Innen und Techniker:Innen entwickeln wir innovative <a href=\"https:\/\/de.wikipedia.org\/wiki\/Hilfsmittel_(Rehabilitation)\" target=\"_blank\" rel=\"noopener\">Hilfsmittel<\/a> f\u00fcr die funktionelle Rehabilitation. Die Relevanz dieser Zusammenarbeit fokussiert sich nicht nur auf die Entwicklung unserer Hilfsmittel, sondern bleibt auch w\u00e4hrend der Versorgung pr\u00e4sent.   \r<br>Zusammen f\u00fcr ein Leben in Bewegung.<br>hide<br><br><img decoding=\"async\" src=\"\/wp-content\/uploads\/2022\/09\/Albrecht-Unternehmen-kachel-rechts-1.jpg\" alt=\"\" \/><br>full<br>Irene Albrecht, Beate Albrecht, Sabine Albrecht<br>contain<br>center center<br>hide<br><br><img decoding=\"async\" src=\"\/wp-content\/uploads\/2022\/11\/Albrecht-Unternehmen-logo.png\" alt=\"\" \/><br>full<br>contain<br>center center<br>hide<br><br><h2>Unser Logo<\/h2>\r<br>2019 haben wir uns zur Einf\u00fchrung eines neuen Logos entschieden. Der abgebrochene Ast repr\u00e4sentiert eine verletzte Struktur. Das gr\u00fcne Blatt, das aus dem Ast w\u00e4chst, symbolisiert das Wachstum gesunder Strukturen. Mit unseren Hilfsmitteln m\u00f6chten wir zu diesem gesunden Wachstum beitragen, um Patient:Innen ein Leben in Bewegung zu erm\u00f6glichen.<br>Heading + desc<br>no-repeat;left top;;<br>auto<br>20px<br><br><h3>Unsere Farbe<\/h3>\r<br>Gr\u00fcn symbolisiert Wachstum und Erwachen, Vitalit\u00e4t und pers\u00f6nliche Leidenschaften. Gr\u00fcn ist lebensbejahend, ein Hoffnungstr\u00e4ger. Gr\u00fcn ist die Farbe der Natur. Als solche wird sie oft \u00fcbersehen und f\u00fcr selbstverst\u00e4ndlich angenommen. Genau wie wir auch unsere Gesundheit als selbstverst\u00e4ndlich betrachten, bis sie es nicht mehr ist. In diesen Momenten unterst\u00fctzen wir.<br>Heading + desc<br>no-repeat;left top;;<br>auto<br>20px<br><br><img decoding=\"async\" src=\"\/wp-content\/uploads\/2022\/10\/albrecht-innovation-icon.png\" \/> \r<br><hr class=\"no_line\" style=\"margin: 0 auto 0px auto\"\/>\n \r<br><h4>Innovation<\/h4>\r<br>Stillstand ist R\u00fcckschritt. Nach diesem Leitsatz treiben wir Innovation stetig voran. Sowohl in der Technik als auch in der Wissenschaft. Um optimale Versorgungen zu erm\u00f6glichen, arbeiten wir mit erfahren Mediziner:Innen, Therapeut:Innen und Techniker:Innen zusammen. Zentrale Punkte bilden sowohl die Zusammenarbeit mit der Wissenschaft als auch mit Anwendern auf allen Stufen der Versorgungskette. Unsere orthop\u00e4dischen Hilfsmittel unterst\u00fctzen Heilungsprozesse, verbessern Lebensqualit\u00e4t und vermindern Einschr\u00e4nkungen. Mit diesen Gedanken entstehen alle unsere Innovationen.<br>center<br>#ffffff<br>no-repeat;left top;;<br>auto<br>40px 40px 25px<br>box-shadow: 0 0px 20px rgba(0,0,0,.05); border-radius: 10px;<br><br><img decoding=\"async\" src=\"\/wp-content\/uploads\/2022\/10\/albrecht-kundenorientierung-icon.png\" alt=\"\" \/>\r<br><hr class=\"no_line\" style=\"margin: 0 auto 0px auto\"\/>\n\r<br><h4>Kundenorientierung<\/h4>\r<br>Wir glauben an eine integrierte Wertsch\u00f6pfungskette der Therapie. In diesem Sinne streben wir nach der besten Versorgung f\u00fcr die Patient:Innen und die beste Unterst\u00fctzung f\u00fcr das Behandlungsteam. Das gilt f\u00fcr die telefonische oder pers\u00f6nliche Beratung als auch die weitere Betreuung bei Schulungen, Workshops und Probeversorgungen. Wir bem\u00fchen uns um Pragmatismus und sind stets findig, wenn es um Gr\u00f6\u00dfenmodifikationen und modulare \u00c4nderungen geht.<br>center<br>#ffffff<br>no-repeat;left top;;<br>auto<br>40px 40px 25px<br>box-shadow: 0 0px 20px rgba(0,0,0,.05); border-radius: 10px;<br><br>center<br>20px<br>20px<br>hide<br><br><img decoding=\"async\" src=\"\/wp-content\/uploads\/2022\/10\/albrecht-nachhaltigkeit-icon.png\" alt=\"\" \/>\r<br><hr class=\"no_line\" style=\"margin: 0 auto 0px auto\"\/>\n\r<br><h4>Nachhaltigkeit<\/h4>\r<br>Zukunftsf\u00e4higkeit bedeutet f\u00fcr uns Verantwortung zu \u00fcbernehmen. Wir leben \u00f6kologische Nachhaltigkeit und sozialvertr\u00e4gliches Unternehmertum. Wir produzieren energieeffizient und streben eine Verminderung von Abfallprodukten in der Produktion sowie auch bez\u00fcglich unserer Verpackungen an.<br>center<br>#ffffff<br>no-repeat;left top;;<br>auto<br>40px 40px 25px<br>box-shadow: 0 0px 20px rgba(0,0,0,.05); border-radius: 10px;<br><br><img decoding=\"async\" src=\"\/wp-content\/uploads\/2022\/10\/albrecht-qualitaet-icon.png\" alt=\"\" \/>\r<br><hr class=\"no_line\" style=\"margin: 0 auto 0px auto\"\/>\n\r<br><h4>Qualit\u00e4t<\/h4>\r<br>Patientenzufriedenheit basiert auf hohen Qualit\u00e4tsstandards und Flexibilit\u00e4t. Unsere Produktion in Bernau am Chiemsee erm\u00f6glicht es uns, hohe Qualit\u00e4tsstandards zu implementieren. Durch langj\u00e4hrige Beziehungen mit unseren regionalen Lieferanten ist es uns m\u00f6glich eine hohe Flexibilit\u00e4t in der Produktion darzustellen. Wir arbeiten mit gepr\u00fcften Materialien, um die optimale Hautvertr\u00e4glichkeit unserer Produkte zu garantieren. Sowohl Wareneingang als auch Produktion unterliegen einer kontinuierlichen Qualit\u00e4tskontrolle. <br>center<br>#ffffff<br>no-repeat;left top;;<br>auto<br>40px 40px 25px<br>box-shadow: 0 0px 20px rgba(0,0,0,.05); border-radius: 10px;<br><br><img decoding=\"async\" src=\"\/wp-content\/uploads\/2022\/09\/Albrecht-unternehmen-kachel-mitte.jpg\" alt=\"\" \/><br><br><h2>Im Zentrum stehen die Patient:Innen<\/h2>\r<br>Im Mittelpunkt unserer Arbeit sehen wir die Patient:Innen. Wir streben nach Weiterentwicklung und Innovation, bei unseren Hilfsmitteln und in der Zusammenarbeit w\u00e4hrend der Therapie. So individuell wie wir Menschen, sind auch die Situationen, in denen wir uns befinden. Jedes unserer Hilfsmittel repr\u00e4sentiert auch einen Menschen. Einen Menschen, der Unterst\u00fctzung ben\u00f6tigt. Zusammen mit dem behandelnden Team m\u00f6chten wir die bestm\u00f6gliche Versorgung anbieten, um eine funktionelle Rehabilitation zu erm\u00f6glichen.<br>Heading + desc<br>no-repeat;left top;;<br>auto<br>20px<br><br>Kontaktieren Sie uns<br><a href=\"https:\/\/albrechtgmbh.com\/kontakt\/\">\/kontakt<\/a><br>right<br>2<br>theme<br><br><h2>albrecht &#8211; aus Bernau in die Welt<\/h2>\r<br>Zusammen mit internationalen Partnern vertreiben wir unsere Hilfsmittel in \u00fcber 20 L\u00e4ndern. Im Fokus stehen hier f\u00fcr uns langj\u00e4hrige Partnerschaften, mit denen wir eine hervorragende Versorgung der Patient:Innen auch im internationalen Raum sicherstellen k\u00f6nnen. Auch wissenschaftliche Zusammenarbeit betreiben wir auf internationaler Ebene und treiben hierbei den Wissensaustausch voran.<br>hide<br><br><h2>Karriere<\/h2>\r<br>Zur Verst\u00e4rkung unseres Teams suchen wir Mitarbeiter in Voll- und Teilzeit. Wir entwickeln, produzieren und vertreiben orthop\u00e4dietechnische Produkte mit hohem Inno\u00acvationsgrad. Hervorragende Produktqualit\u00e4t, erstklassiger Service und Kundenorientierung sind Merkmale unserer Philosophie. Wir bieten anspruchsvolle Aufgabengebiete, gute Weiterentwicklungsm\u00f6glichkeiten und ein angenehmes Arbeitsumfeld.<br>Heading + desc<br>no-repeat;left top;;<br>auto<br>20px<br><br>Mehr erfahren<br><a href=\"https:\/\/albrechtgmbh.com\/karriere\/\">\/karriere<\/a><br>right<br>2<br>theme<br><br><img decoding=\"async\" src=\"\/wp-content\/uploads\/2022\/09\/Albrecht-karriere-technik.jpg\" alt=\"\" \/><br><br><\/p>\n","protected":false},"excerpt":{"rendered":"<p>albrecht &#8211; zusammen f\u00fcr ein Leben in Bewegung hide Seit 1995 hat sich albrecht das Ziel gesetzt, funktionelle Rehabilitation voranzutreiben. Stabilisierung statt Versteifung. Dehnung statt Verk\u00fcrzung.<span class=\"excerpt-hellip\"> [\u2026]<\/span><\/p>\n","protected":false},"author":1,"featured_media":0,"parent":0,"menu_order":0,"comment_status":"closed","ping_status":"closed","template":"","meta":{"footnotes":""},"class_list":["post-4480","page","type-page","status-publish","hentry"],"yoast_head":"<!-- This site is optimized with the Yoast SEO plugin v26.3 - https:\/\/yoast.com\/wordpress\/plugins\/seo\/ -->\n<title>albrecht als innovatives Unternehmen f\u00fcr Orthesen aus Bernau<\/title>\n<meta name=\"description\" content=\"Mithilfe von Innovation, Nachhaltigkeit und Qualit\u00e4t produziert das Unternehmen albrecht als Experte hochwertige, durchdachte Orthesen.\" \/>\n<meta name=\"robots\" content=\"index, follow, max-snippet:-1, max-image-preview:large, max-video-preview:-1\" \/>\n<link rel=\"canonical\" href=\"https:\/\/albrechtgmbh.com\/it\/unternehmen\/\" \/>\n<meta property=\"og:locale\" content=\"it_IT\" \/>\n<meta property=\"og:type\" content=\"article\" \/>\n<meta property=\"og:title\" content=\"albrecht als innovatives Unternehmen f\u00fcr Orthesen aus Bernau\" \/>\n<meta property=\"og:description\" content=\"Mithilfe von Innovation, Nachhaltigkeit und Qualit\u00e4t produziert das Unternehmen albrecht als Experte hochwertige, durchdachte Orthesen.\" \/>\n<meta property=\"og:url\" content=\"https:\/\/albrechtgmbh.com\/it\/unternehmen\/\" \/>\n<meta property=\"og:site_name\" content=\"Albrecht GmbH\" \/>\n<meta property=\"article:modified_time\" content=\"2023-09-14T10:13:10+00:00\" \/>\n<meta name=\"twitter:card\" content=\"summary_large_image\" \/>\n<meta name=\"twitter:label1\" content=\"Tempo di lettura stimato\" \/>\n\t<meta name=\"twitter:data1\" content=\"6 minuti\" \/>\n<script type=\"application\/ld+json\" class=\"yoast-schema-graph\">{\"@context\":\"https:\/\/schema.org\",\"@graph\":[{\"@type\":\"WebPage\",\"@id\":\"https:\/\/albrechtgmbh.com\/it\/unternehmen\/\",\"url\":\"https:\/\/albrechtgmbh.com\/it\/unternehmen\/\",\"name\":\"albrecht als innovatives Unternehmen f\u00fcr Orthesen aus Bernau\",\"isPartOf\":{\"@id\":\"https:\/\/albrechtgmbh.com\/#website\"},\"datePublished\":\"2016-08-02T09:55:53+00:00\",\"dateModified\":\"2023-09-14T10:13:10+00:00\",\"description\":\"Mithilfe von Innovation, Nachhaltigkeit und Qualit\u00e4t produziert das Unternehmen albrecht als Experte hochwertige, durchdachte Orthesen.\",\"breadcrumb\":{\"@id\":\"https:\/\/albrechtgmbh.com\/it\/unternehmen\/#breadcrumb\"},\"inLanguage\":\"it-IT\",\"potentialAction\":[{\"@type\":\"ReadAction\",\"target\":[\"https:\/\/albrechtgmbh.com\/it\/unternehmen\/\"]}]},{\"@type\":\"BreadcrumbList\",\"@id\":\"https:\/\/albrechtgmbh.com\/it\/unternehmen\/#breadcrumb\",\"itemListElement\":[{\"@type\":\"ListItem\",\"position\":1,\"name\":\"Startseite\",\"item\":\"https:\/\/albrechtgmbh.com\/it\/\"},{\"@type\":\"ListItem\",\"position\":2,\"name\":\"Unternehmen\"}]},{\"@type\":\"WebSite\",\"@id\":\"https:\/\/albrechtgmbh.com\/#website\",\"url\":\"https:\/\/albrechtgmbh.com\/\",\"name\":\"Albrecht GmbH\",\"description\":\"Riabilitazione funzionale\",\"potentialAction\":[{\"@type\":\"SearchAction\",\"target\":{\"@type\":\"EntryPoint\",\"urlTemplate\":\"https:\/\/albrechtgmbh.com\/?s={search_term_string}\"},\"query-input\":{\"@type\":\"PropertyValueSpecification\",\"valueRequired\":true,\"valueName\":\"search_term_string\"}}],\"inLanguage\":\"it-IT\"}]}<\/script>\n<!-- \/ Yoast SEO plugin. -->","yoast_head_json":{"title":"albrecht als innovatives Unternehmen f\u00fcr Orthesen aus Bernau","description":"Mithilfe von Innovation, Nachhaltigkeit und Qualit\u00e4t produziert das Unternehmen albrecht als Experte hochwertige, durchdachte Orthesen.","robots":{"index":"index","follow":"follow","max-snippet":"max-snippet:-1","max-image-preview":"max-image-preview:large","max-video-preview":"max-video-preview:-1"},"canonical":"https:\/\/albrechtgmbh.com\/it\/unternehmen\/","og_locale":"it_IT","og_type":"article","og_title":"albrecht als innovatives Unternehmen f\u00fcr Orthesen aus Bernau","og_description":"Mithilfe von Innovation, Nachhaltigkeit und Qualit\u00e4t produziert das Unternehmen albrecht als Experte hochwertige, durchdachte Orthesen.","og_url":"https:\/\/albrechtgmbh.com\/it\/unternehmen\/","og_site_name":"Albrecht GmbH","article_modified_time":"2023-09-14T10:13:10+00:00","twitter_card":"summary_large_image","twitter_misc":{"Tempo di lettura stimato":"6 minuti"},"schema":{"@context":"https:\/\/schema.org","@graph":[{"@type":"WebPage","@id":"https:\/\/albrechtgmbh.com\/it\/unternehmen\/","url":"https:\/\/albrechtgmbh.com\/it\/unternehmen\/","name":"albrecht als innovatives Unternehmen f\u00fcr Orthesen aus Bernau","isPartOf":{"@id":"https:\/\/albrechtgmbh.com\/#website"},"datePublished":"2016-08-02T09:55:53+00:00","dateModified":"2023-09-14T10:13:10+00:00","description":"Mithilfe von Innovation, Nachhaltigkeit und Qualit\u00e4t produziert das Unternehmen albrecht als Experte hochwertige, durchdachte Orthesen.","breadcrumb":{"@id":"https:\/\/albrechtgmbh.com\/it\/unternehmen\/#breadcrumb"},"inLanguage":"it-IT","potentialAction":[{"@type":"ReadAction","target":["https:\/\/albrechtgmbh.com\/it\/unternehmen\/"]}]},{"@type":"BreadcrumbList","@id":"https:\/\/albrechtgmbh.com\/it\/unternehmen\/#breadcrumb","itemListElement":[{"@type":"ListItem","position":1,"name":"Startseite","item":"https:\/\/albrechtgmbh.com\/it\/"},{"@type":"ListItem","position":2,"name":"Unternehmen"}]},{"@type":"WebSite","@id":"https:\/\/albrechtgmbh.com\/#website","url":"https:\/\/albrechtgmbh.com\/","name":"Albrecht GmbH","description":"Riabilitazione funzionale","potentialAction":[{"@type":"SearchAction","target":{"@type":"EntryPoint","urlTemplate":"https:\/\/albrechtgmbh.com\/?s={search_term_string}"},"query-input":{"@type":"PropertyValueSpecification","valueRequired":true,"valueName":"search_term_string"}}],"inLanguage":"it-IT"}]}},"_links":{"self":[{"href":"https:\/\/albrechtgmbh.com\/it\/wp-json\/wp\/v2\/pages\/4480","targetHints":{"allow":["GET"]}}],"collection":[{"href":"https:\/\/albrechtgmbh.com\/it\/wp-json\/wp\/v2\/pages"}],"about":[{"href":"https:\/\/albrechtgmbh.com\/it\/wp-json\/wp\/v2\/types\/page"}],"author":[{"embeddable":true,"href":"https:\/\/albrechtgmbh.com\/it\/wp-json\/wp\/v2\/users\/1"}],"replies":[{"embeddable":true,"href":"https:\/\/albrechtgmbh.com\/it\/wp-json\/wp\/v2\/comments?post=4480"}],"version-history":[{"count":1,"href":"https:\/\/albrechtgmbh.com\/it\/wp-json\/wp\/v2\/pages\/4480\/revisions"}],"predecessor-version":[{"id":4481,"href":"https:\/\/albrechtgmbh.com\/it\/wp-json\/wp\/v2\/pages\/4480\/revisions\/4481"}],"wp:attachment":[{"href":"https:\/\/albrechtgmbh.com\/it\/wp-json\/wp\/v2\/media?parent=4480"}],"curies":[{"name":"wp","href":"https:\/\/api.w.org\/{rel}","templated":true}]}}