{"id":4484,"date":"2016-08-02T09:41:06","date_gmt":"2016-08-02T07:41:06","guid":{"rendered":"https:\/\/albrechtgmbh.com\/orthesen-und-bandagen-von-albrecht\/"},"modified":"2023-09-14T12:14:15","modified_gmt":"2023-09-14T10:14:15","slug":"orthesen-und-bandagen-von-albrecht","status":"publish","type":"page","link":"https:\/\/albrechtgmbh.com\/nl\/","title":{"rendered":"Startseite"},"content":{"rendered":"\n<p><img decoding=\"async\" src=\"\/wp-content\/uploads\/2022\/12\/albrecht-orthesen-und-bandagen-kachel-unternehmen.jpeg\" alt=\"\" \/><br><br><h1>Orthesen und Bandagen von albrecht &#8211; F\u00fcr ein Leben in Bewegung<\/h1><br>Heading + desc<br>no-repeat;left top;;<br>auto<br>20px<br><br>Rehabilitation kann Gesundung traumatisierter Strukturen bedeuten, sowohl post-operativ als auch konservativ. Rehabilitation bedeutet aber auch den Umgang mit neuen Zust\u00e4nden und die Anpassung an neue Umst\u00e4nde. Orthesen und Bandagen von albrecht unterst\u00fctzen diesen Anpassungsprozess, umein Leben in Bewegung zu erm\u00f6glichen.\r<br>Funktionelle Rehabilitation hat viele Gesichter. Die Freizeitsportlerin nach einem Snowboardunfall. Das Kind, das von einer Schaukel f\u00e4llt. Der osteoporotische Gro\u00dfvater. Die Schlaganfallpatientin. Der Bandscheibenvorfall nach schwerem Heben. Der Golfer mit den chronischen Knieschmerzen. Die Verletzung des hinteren Kreuzbands nach dem Skiurlaub. Ein Schlaganfall schon vor der Geburt. \r<br>So unterschiedlich die Menschen, denen wir Unterst\u00fctzung anbieten sind, versuchen wir auch unsere Versorgungen zu gestalten. Auf fortlaufender Suche nach Innovation und wissenschaftlichem Fortschritt streben wir kontinuierlich nach Verbesserung. Hierf\u00fcr arbeiten wir seit 1995 mit Mediziner:Innen, Therapeut:Innen und Techniker:Innen. Die interdisziplin\u00e4re Zusammenarbeit r\u00fcckt dabei immer mehr in den Fokus.\r<br>Zusammen \u2013 f\u00fcr ein Leben in Bewegung<br>Heading + desc<br>no-repeat;left top;;<br>auto<br>20px<br><br><h2>Unsere Hilfsmittel: Orthesen und Bandagen<\/h2><br>no-repeat;left top;;<br>auto<br>15px 0 0 0<br><br>Orthesen und Bandagen sind orthop\u00e4dietechnische Hilfsmittel und erf\u00fcllen die Aufgabe einer K\u00f6rperkorrektur, indem sie von au\u00dfen an den K\u00f6rper angebracht werden. Das Ziel einer orthop\u00e4dietechnischen Versorgung kann je nach Indikation variieren. Nach operativen Eingriffen kann eine Orthese beispielsweise eine einschr\u00e4nkende und st\u00fctzende Funktion \u00fcbernehmen, sodass kontrollierte Bewegung erm\u00f6glicht wird. Orthesen k\u00f6nnen bei zu niedriger oder zu hoher Muskelaktivit\u00e4t auch funktionsunterst\u00fctzend und therapieerg\u00e4nzend wirken. In Deutschland erfolgt die Anpassung eines orthop\u00e4dietechnischen Hilfsmittels durch Orthop\u00e4dietechnik-mechaniker:Innen.<br>no-repeat;left top;;<br>auto<br>0 0 0 5%<br>border-left: solid 2px #0D913E;<br><br><img decoding=\"async\" src=\"\/wp-content\/uploads\/2022\/12\/albrecht-orthesen-und-bandagen-kachel-wirbelsaeule.jpeg\" alt=\"\" \/><br>full<br><a href=\"https:\/\/albrechtgmbh.com\/produkte\/produkte\/\">\/produkte\/produkte<\/a><br>Wirbels\u00e4ule<br><br><img decoding=\"async\" src=\"\/wp-content\/uploads\/2022\/12\/albrecht-orthesen-und-bandagen-kachel-armschlinge.jpeg\" alt=\"\" \/><br>full<br><a href=\"https:\/\/albrechtgmbh.com\/produkte\/produkte\/\">\/produkte\/produkte<\/a><br>Armschlinge<br><br><img decoding=\"async\" src=\"\/wp-content\/uploads\/2022\/12\/albrecht-orthesen-und-bandagen-kachel-ellbogen.jpeg\" alt=\"\" \/><br>full<br><a href=\"https:\/\/albrechtgmbh.com\/produkte\/produkte\/\">\/produkte\/produkte<\/a><br>Ellbogen<br><br><img decoding=\"async\" src=\"\/wp-content\/uploads\/2022\/12\/albrecht-orthesen-und-bandagen-kachel-hand.jpeg\" alt=\"\" \/><br>full<br><a href=\"https:\/\/albrechtgmbh.com\/produkte\/produkte\/\">\/produkte\/produkte<\/a><br>Hand<br><br><img decoding=\"async\" src=\"\/wp-content\/uploads\/2022\/12\/albrecht-orthesen-und-bandagen-kachel-knie.jpeg\" alt=\"\" \/><br>full<br><a href=\"https:\/\/albrechtgmbh.com\/produkte\/produkte\/\">\/produkte\/produkte<\/a><br>Knie<br><br><img decoding=\"async\" src=\"\/wp-content\/uploads\/2022\/12\/albrecht-orthesen-und-bandagen-kachel-fuss.jpeg\" alt=\"\" \/><br>full<br><a href=\"https:\/\/albrechtgmbh.com\/produkte\/produkte\/\">\/produkte\/produkte<\/a><br>Fu\u00df<br><br><img decoding=\"async\" src=\"\/wp-content\/uploads\/2022\/12\/albrecht-orthesen-und-bandagen-kachel-gelenk.jpeg\" alt=\"\" \/><br>full<br><a href=\"https:\/\/albrechtgmbh.com\/produkte\/produkte\/\">\/produkte\/produkte<\/a><br>Gelenke<br><br><img decoding=\"async\" src=\"\/wp-content\/uploads\/2022\/12\/albrecht-orthesen-und-bandagen-kachel-kombinationsorthesen.jpeg\" alt=\"\" \/><br>full<br><a href=\"https:\/\/albrechtgmbh.com\/produkte\/produkte\/\">\/produkte\/produkte<\/a><br>Kombinationen<br><br>30<br><br>Zu unseren Produkten<br><a href=\"https:\/\/albrechtgmbh.com\/produkte\/produkte\/\">\/produkte\/produkte\/<\/a><br>left<br>2<br>theme<br><br><h3>Orthop\u00e4die<\/h3>\r<br>Die Orthop\u00e4die befasst sich mit der Erkennung und Behandlung von angeborenen und erworbenen Erkrankungen des Bewegungsapparats. Im Fokus liegen neben Knochen auch Muskeln, Sehnen, B\u00e4nder und Faszien. H\u00e4ufige orthop\u00e4dische Beschwerden sind B\u00e4nderrisse und degenerative Erkrankungen der Wirbels\u00e4ule wie Osteoporose. Die Therapie unterscheidet zwischen einer konservativen Behandlung und einem operativen Eingriff. Orthesen und Bandagen k\u00f6nnen in beiden F\u00e4llen zum Einsatz kommen, beispielsweise bei der konservativen Ausheilung eines Kreuzbandrisses oder in der Nachversorgung eines chirurgischen Eingriffs.\r<br><br>hide<br><br><img decoding=\"async\" src=\"\/wp-content\/uploads\/2022\/12\/albrecht-orthesen-und-bandagen-kachel-orthopaedie.jpeg\" alt=\"\" \/><br>full<br>contain<br>center center<br>hide<br><br><h3>Neurologie<\/h3>\r<br>In der Neurologie werden die Funktionen und Erkrankungen des Nervensystems betrachtet. Das Nervensystem besteht aus dem Gehirn sowie dem zentralen und dem peripheren Nervensystem. Auch die Muskulatur f\u00e4llt in dieses Fachgebiet, da die Steuerung der Muskulatur \u00fcber das Nervensystem stattfindet. Im Falle einer Fehlsteuerung der Muskulatur aufgrund einer neurologischen Indikation, kann es zu einem zu hohen oder zu niedrigen Muskeltonus kommen. Im Falle einer zu hohen Muskelaktivit\u00e4t k\u00f6nnen Orthesen und Bandagen zur Therapie eingesetzt werden, bei zu niedriger Muskelaktivit\u00e4t k\u00f6nnen Bewegungsabl\u00e4ufe funktionell unterst\u00fctzt werden. Unsere Hilfsmittel f\u00fcr die Neurologie sind in unserer NEURO Serie zusammengefasst.<br>hide<br><br><img decoding=\"async\" src=\"\/wp-content\/uploads\/2022\/12\/albrecht-orthesen-und-bandagen-kachel-neurologie.jpeg\" alt=\"\" \/><br>full<br>contain<br>center center<br>hide<br><br><h3>P\u00e4diatrie<\/h3>\r<br>Die Fachrichtung P\u00e4diatrie fokussiert sich auf die Entwicklung von Kindern und auf das Behandeln deren Erkrankungen. Somit erstreckt sie sich \u00fcber die Bandbreite aller medizinischer Disziplinen. Zus\u00e4tzlich zur allgemeinen P\u00e4diatrie finden hier h\u00e4ufig auch weitere Spezialisierungen, wie beispielsweise die Neurop\u00e4diatrie, statt. Insbesondere im Wachstum k\u00f6nnen Orthesen und Bandagen Kinder in der Ausbildung eines stabileren Bewegungsapparates unterst\u00fctzen und motorische Abl\u00e4ufe trainieren. Da uns die kleinen Patient:Innen besonders am Herzen liegen, bietet unsere <a href=\"https:\/\/albrechtgmbh.com\/junior\/\">JUNIOR<\/a> Serie viele M\u00f6glichkeiten f\u00fcr die optimale Versorgung von Kindern.<br>hide<br><br><img decoding=\"async\" src=\"\/wp-content\/uploads\/2022\/12\/albrecht-orthesen-und-bandagen-kachel-individual.jpeg\" alt=\"\" \/><br>full<br><br><h3>Kein Mensch ist S, M, L, XL<\/h3>\r<br><hr class=\"no_line\" style=\"margin: 0 auto 0px auto\"\/>\n\r<br>Kein Mensch ist S, M, L, XL \u2013 dieser Satz begleitet uns schon seit langer Zeit. Menschen lassen sich nicht in Schubladen stecken, das war noch nie zeitgem\u00e4\u00dfer als heute. Unser modulares System hat sich nun schon seit vielen Jahren bew\u00e4hrt und bietet nach wie vor vielf\u00e4ltige L\u00f6sungen in Form von modularen \u00c4nderungen und Gr\u00f6\u00dfenmodifikationen. Verschiedene Anpassungsoptionen erm\u00f6glichen Techniker:Innen zus\u00e4tzlich, die Orthese an die anatomische Bed\u00fcrfnisse ihrer Patient:Innen zu adaptieren. Mit unseren <a href=\"https:\/\/albrechtgmbh.com\/individual\/\">INDIVIDUAL<\/a> Gelenke k\u00f6nnen Techniker:Innen alternativ auch individualisierte Ma\u00dfanfertigung f\u00fcr ihre Patient:Innen fertigen.<br>center<br>no-repeat;left top;;<br>auto<br><br>Mehr dazu<br><a href=\"https:\/\/albrechtgmbh.com\/individual\/\">\/individual<\/a><br>left<br>2<br>hide<br><br><img decoding=\"async\" src=\"\/wp-content\/uploads\/2022\/12\/albrecht-orthesen-und-bandagen-kachel-made-in-germany.jpeg\" alt=\"\" \/><br>full<br><br><h2>Orthesen und Bandagen made in Germany<\/h2>\r<br><hr class=\"no_line\" style=\"margin: 0 auto 0px auto\"\/>\n\r<br>Am bayerischen Meer in Bernau am Chiemsee sind wir seit 2019 beheimatet. Hier finden Sie unsere Produktentwicklung und Produktion mit hauseigener N\u00e4herei, sowie unsere Verwaltung und unseren Kundenservice. Auch bei den Zulieferern achten wir auf kurzen Weg, um die Qualit\u00e4t unserer Materialien zu kontrollieren und auch in Krisenzeiten flexibel agieren zu k\u00f6nnen. Neben den Qualit\u00e4tsaspekten ist es uns aber auch ein besonderes Anliegen den Wirtschaftsstandort Deutschland zu st\u00e4rken und uns f\u00fcr nachhaltiges und sozialvertr\u00e4gliches Unternehmertum einzusetzen.<br>center<br>no-repeat;left top;;<br>auto<br><br>Mehr dazu<br><a href=\"https:\/\/albrechtgmbh.com\/unternehmen\/\">\/unternehmen<\/a><br>left<br>2<br>hide<br><br><h3>Interdisziplin\u00e4re Zusammenarbeit<\/h3>\r<br>\r<br>Funktionelle Rehabilitation ist eine Herzensangelegenheit. Hier z\u00e4hlt die Zusammenarbeit zwischen verschiedenen Fachrichtungen und Berufsgruppen. Im Rahmen eines ganzheitlichen Rehabilitationsplans m\u00fcssen Patient:Innen in den Mittelpunkt gestellt werden. Die Orthop\u00e4dietechnik unterst\u00fctzt hier Mediziner:Innen und Therapeut:Innen auf dem Weg zu einem gemeinsamen Erfolg. Die Zusammenarbeit auf Augenh\u00f6he ist f\u00fcr uns so zentral geworden, dass wir sie in unsere Unternehmensphilosophie aufgenommen haben.\r<br>Zusammen \u2013 f\u00fcr ein Leben in Bewegung<br>Heading + desc<br>no-repeat;left top;;<br>auto<br>20px<br><br>Kontaktieren Sie uns<br><a href=\"https:\/\/albrechtgmbh.com\/kontakt\/\">\/kontakt<\/a><br>right<br>2<br>theme<br><br><img decoding=\"async\" src=\"\/wp-content\/uploads\/2022\/12\/albrecht-orthesen-und-bandagen-kachel-zusammenarbeit.jpeg\" alt=\"\" \/><br><br><img decoding=\"async\" src=\"\/wp-content\/uploads\/2022\/09\/Albrecht-startseite-kachel-mitte.jpg\" alt=\"\" \/><br><br><h3>Karriere bei albrecht GmbH<\/h3>\r<br>Kundenzufriedenheit und Qualit\u00e4t sind essenzielle Merkmale bei der Produktion medizinischer Hilfsmittel. Darum hegt albrecht als Experte auf diesem Gebiet die h\u00f6chsten Anspr\u00fcche. Als Arbeitgeber bietet albrecht ebenso anspruchsvolle Aufgabenbereiche, Weiterbildungsm\u00f6glichkeiten und ein angenehmes Arbeitsumfeld.<br>Heading + desc<br>no-repeat;left top;;<br>auto<br>20px<br><br>Steuerfachangestellte\/r (m\/w\/d)<br><a href=\"\/finanzen-einkauf\">\/finanzen-einkauf<\/a><br>right<br>2<br>#508573<br><br>Sachbearbeiter\/in Vertriebsinnendienst (m\/w\/d)<br><a href=\"\/vertrieb-innendienst\">\/vertrieb-innendienst<\/a><br>right<br>2<br>#508573<br><br>Finanzbuchhalter\/in (m\/w\/d)<br><a href=\"\/finanzen-einkauf\">\/finanzen-einkauf<\/a><br>right<br>2<br>#508573<br><br>Alle offenen Stellen<br><a href=\"https:\/\/albrechtgmbh.com\/karriere\/\">\/karriere<\/a><br>right<br>2<br>theme<br><br><\/p>\n","protected":false},"excerpt":{"rendered":"<p>Orthesen und Bandagen von albrecht &#8211; F\u00fcr ein Leben in Bewegung Heading + descno-repeat;left top;;auto20px Rehabilitation kann Gesundung traumatisierter Strukturen bedeuten, sowohl post-operativ als auch konservativ.<span class=\"excerpt-hellip\"> [\u2026]<\/span><\/p>\n","protected":false},"author":1,"featured_media":0,"parent":0,"menu_order":0,"comment_status":"closed","ping_status":"open","template":"","meta":{"footnotes":""},"class_list":["post-4484","page","type-page","status-publish","hentry"],"yoast_head":"<!-- This site is optimized with the Yoast SEO plugin v27.4 - https:\/\/yoast.com\/product\/yoast-seo-wordpress\/ -->\n<title>Orthesen und Bandagen von albrecht<\/title>\n<meta name=\"description\" content=\"albrecht bietet ein breites Sortiment an medizinischen Orthesen und Bandagen, die durch Verstellbarkeit bei Einschr\u00e4nkungen unterst\u00fctzen.\" \/>\n<meta name=\"robots\" content=\"index, follow, max-snippet:-1, max-image-preview:large, max-video-preview:-1\" \/>\n<link rel=\"canonical\" href=\"https:\/\/albrechtgmbh.com\/it\/\" \/>\n<meta property=\"og:locale\" content=\"nl_NL\" \/>\n<meta property=\"og:type\" content=\"article\" \/>\n<meta property=\"og:title\" content=\"Orthesen und Bandagen von albrecht\" \/>\n<meta property=\"og:description\" content=\"albrecht bietet ein breites Sortiment an medizinischen Orthesen und Bandagen, die durch Verstellbarkeit bei Einschr\u00e4nkungen unterst\u00fctzen.\" \/>\n<meta property=\"og:url\" content=\"https:\/\/albrechtgmbh.com\/it\/\" \/>\n<meta property=\"og:site_name\" content=\"Albrecht GmbH\" \/>\n<meta property=\"article:modified_time\" content=\"2023-09-14T10:14:15+00:00\" \/>\n<meta name=\"twitter:card\" content=\"summary_large_image\" \/>\n<meta name=\"twitter:label1\" content=\"Geschatte leestijd\" \/>\n\t<meta name=\"twitter:data1\" content=\"9 minuten\" \/>\n<script type=\"application\/ld+json\" class=\"yoast-schema-graph\">{\"@context\":\"https:\\\/\\\/schema.org\",\"@graph\":[{\"@type\":\"WebPage\",\"@id\":\"https:\\\/\\\/albrechtgmbh.com\\\/it\\\/\",\"url\":\"https:\\\/\\\/albrechtgmbh.com\\\/it\\\/\",\"name\":\"Orthesen und Bandagen von albrecht\",\"isPartOf\":{\"@id\":\"https:\\\/\\\/albrechtgmbh.com\\\/#website\"},\"datePublished\":\"2016-08-02T07:41:06+00:00\",\"dateModified\":\"2023-09-14T10:14:15+00:00\",\"description\":\"albrecht bietet ein breites Sortiment an medizinischen Orthesen und Bandagen, die durch Verstellbarkeit bei Einschr\u00e4nkungen unterst\u00fctzen.\",\"breadcrumb\":{\"@id\":\"https:\\\/\\\/albrechtgmbh.com\\\/it\\\/#breadcrumb\"},\"inLanguage\":\"nl-NL\",\"potentialAction\":[{\"@type\":\"ReadAction\",\"target\":[\"https:\\\/\\\/albrechtgmbh.com\\\/it\\\/\"]}]},{\"@type\":\"BreadcrumbList\",\"@id\":\"https:\\\/\\\/albrechtgmbh.com\\\/it\\\/#breadcrumb\",\"itemListElement\":[{\"@type\":\"ListItem\",\"position\":1,\"name\":\"Startseite\",\"item\":\"https:\\\/\\\/albrechtgmbh.com\\\/it\\\/\"},{\"@type\":\"ListItem\",\"position\":2,\"name\":\"Startseite\"}]},{\"@type\":\"WebSite\",\"@id\":\"https:\\\/\\\/albrechtgmbh.com\\\/#website\",\"url\":\"https:\\\/\\\/albrechtgmbh.com\\\/\",\"name\":\"Albrecht GmbH\",\"description\":\"Functionele revalidatie\",\"potentialAction\":[{\"@type\":\"SearchAction\",\"target\":{\"@type\":\"EntryPoint\",\"urlTemplate\":\"https:\\\/\\\/albrechtgmbh.com\\\/?s={search_term_string}\"},\"query-input\":{\"@type\":\"PropertyValueSpecification\",\"valueRequired\":true,\"valueName\":\"search_term_string\"}}],\"inLanguage\":\"nl-NL\"}]}<\/script>\n<!-- \/ Yoast SEO plugin. -->","yoast_head_json":{"title":"Orthesen und Bandagen von albrecht","description":"albrecht bietet ein breites Sortiment an medizinischen Orthesen und Bandagen, die durch Verstellbarkeit bei Einschr\u00e4nkungen unterst\u00fctzen.","robots":{"index":"index","follow":"follow","max-snippet":"max-snippet:-1","max-image-preview":"max-image-preview:large","max-video-preview":"max-video-preview:-1"},"canonical":"https:\/\/albrechtgmbh.com\/it\/","og_locale":"nl_NL","og_type":"article","og_title":"Orthesen und Bandagen von albrecht","og_description":"albrecht bietet ein breites Sortiment an medizinischen Orthesen und Bandagen, die durch Verstellbarkeit bei Einschr\u00e4nkungen unterst\u00fctzen.","og_url":"https:\/\/albrechtgmbh.com\/it\/","og_site_name":"Albrecht GmbH","article_modified_time":"2023-09-14T10:14:15+00:00","twitter_card":"summary_large_image","twitter_misc":{"Geschatte leestijd":"9 minuten"},"schema":{"@context":"https:\/\/schema.org","@graph":[{"@type":"WebPage","@id":"https:\/\/albrechtgmbh.com\/it\/","url":"https:\/\/albrechtgmbh.com\/it\/","name":"Orthesen und Bandagen von albrecht","isPartOf":{"@id":"https:\/\/albrechtgmbh.com\/#website"},"datePublished":"2016-08-02T07:41:06+00:00","dateModified":"2023-09-14T10:14:15+00:00","description":"albrecht bietet ein breites Sortiment an medizinischen Orthesen und Bandagen, die durch Verstellbarkeit bei Einschr\u00e4nkungen unterst\u00fctzen.","breadcrumb":{"@id":"https:\/\/albrechtgmbh.com\/it\/#breadcrumb"},"inLanguage":"nl-NL","potentialAction":[{"@type":"ReadAction","target":["https:\/\/albrechtgmbh.com\/it\/"]}]},{"@type":"BreadcrumbList","@id":"https:\/\/albrechtgmbh.com\/it\/#breadcrumb","itemListElement":[{"@type":"ListItem","position":1,"name":"Startseite","item":"https:\/\/albrechtgmbh.com\/it\/"},{"@type":"ListItem","position":2,"name":"Startseite"}]},{"@type":"WebSite","@id":"https:\/\/albrechtgmbh.com\/#website","url":"https:\/\/albrechtgmbh.com\/","name":"Albrecht GmbH","description":"Functionele revalidatie","potentialAction":[{"@type":"SearchAction","target":{"@type":"EntryPoint","urlTemplate":"https:\/\/albrechtgmbh.com\/?s={search_term_string}"},"query-input":{"@type":"PropertyValueSpecification","valueRequired":true,"valueName":"search_term_string"}}],"inLanguage":"nl-NL"}]}},"_links":{"self":[{"href":"https:\/\/albrechtgmbh.com\/nl\/wp-json\/wp\/v2\/pages\/4484","targetHints":{"allow":["GET"]}}],"collection":[{"href":"https:\/\/albrechtgmbh.com\/nl\/wp-json\/wp\/v2\/pages"}],"about":[{"href":"https:\/\/albrechtgmbh.com\/nl\/wp-json\/wp\/v2\/types\/page"}],"author":[{"embeddable":true,"href":"https:\/\/albrechtgmbh.com\/nl\/wp-json\/wp\/v2\/users\/1"}],"replies":[{"embeddable":true,"href":"https:\/\/albrechtgmbh.com\/nl\/wp-json\/wp\/v2\/comments?post=4484"}],"version-history":[{"count":1,"href":"https:\/\/albrechtgmbh.com\/nl\/wp-json\/wp\/v2\/pages\/4484\/revisions"}],"predecessor-version":[{"id":4485,"href":"https:\/\/albrechtgmbh.com\/nl\/wp-json\/wp\/v2\/pages\/4484\/revisions\/4485"}],"wp:attachment":[{"href":"https:\/\/albrechtgmbh.com\/nl\/wp-json\/wp\/v2\/media?parent=4484"}],"curies":[{"name":"wp","href":"https:\/\/api.w.org\/{rel}","templated":true}]}}